{"id":870,"date":"2023-12-14T20:40:20","date_gmt":"2023-12-14T17:40:20","guid":{"rendered":"https:\/\/www.geotimharita.com.tr\/?page_id=870"},"modified":"2023-12-14T20:49:17","modified_gmt":"2023-12-14T17:49:17","slug":"leica-flexline-serisi","status":"publish","type":"page","link":"https:\/\/www.geotimharita.com.tr\/index.php\/leica-flexline-serisi\/","title":{"rendered":"Leica Flexline Serisi"},"content":{"rendered":"\t\t<div data-elementor-type=\"wp-page\" data-elementor-id=\"870\" class=\"elementor elementor-870\">\n\t\t\t\t\t\t<div class=\"elementor-inner\">\n\t\t\t\t<div class=\"elementor-section-wrap\">\n\t\t\t\t\t\t\t<div class=\"elementor-element elementor-element-6bc1a7f e-flex e-con-boxed e-con e-parent\" data-id=\"6bc1a7f\" data-element_type=\"container\" data-settings=\"{&quot;content_width&quot;:&quot;boxed&quot;}\" data-core-v316-plus=\"true\">\n\t\t\t\t\t<div class=\"e-con-inner\">\n\t\t\t\t<div class=\"elementor-element elementor-element-47502f4 elementor-widget elementor-widget-gva-products\" data-id=\"47502f4\" data-element_type=\"widget\" data-widget_type=\"gva-products.default\">\n\t\t\t\t<div class=\"elementor-widget-container\">\n\t\t\t<div class=\"gva-element-gva-products gva-element\">\r\n<div class=\"swiper-slider-wrapper gsc-campaign layout-carousel product \">\r\n   <div class=\"swiper-content-inner\">   \r\n      <div class=\"init-carousel-swiper swiper\" data-carousel=\"{&quot;items&quot;:3,&quot;items_lg&quot;:3,&quot;items_md&quot;:3,&quot;items_sm&quot;:2,&quot;items_xs&quot;:1,&quot;items_xx&quot;:1,&quot;effect&quot;:&quot;slide&quot;,&quot;space_between&quot;:30,&quot;loop&quot;:1,&quot;speed&quot;:1200,&quot;autoplay&quot;:1,&quot;autoplay_delay&quot;:5000,&quot;autoplay_hover&quot;:1,&quot;navigation&quot;:1,&quot;pagination&quot;:0,&quot;dynamic_bullets&quot;:0,&quot;pagination_type&quot;:&quot;bullets&quot;}\">\r\n         <div class=\"swiper-wrapper\">\r\n            <div class=\"swiper-slide\">\r\n<div class=\"product-block product post-880 product type-product status-publish has-post-thumbnail product_cat-leica-flexline product_tag-flexline product_tag-leica-flexline product_tag-leica-flexline-serisi product_tag-leica-flexline-ts03 product_tag-leica-flexline-ts03-fiyat first instock shipping-taxable product-type-simple\">\r\n\t<div class=\"product-block-inner clearfix\">\r\n\t\t\r\n\t\t<div class=\"product-thumbnail\">\r\n\t\t\t<div class=\"product-thumbnail-inner\">\r\n\t\t\t \t<a class=\"link-overlay\" href=\"https:\/\/www.geotimharita.com.tr\/index.php\/urun\/leica-flexline-ts03\/\"><\/a><span class=\"attachment-shop_catalog\"><img fetchpriority=\"high\" decoding=\"async\" width=\"800\" height=\"800\" src=\"https:\/\/www.geotimharita.com.tr\/wp-content\/uploads\/2023\/12\/flexlinets03.png\" class=\" wp-post-image\" alt=\"\" srcset=\"https:\/\/www.geotimharita.com.tr\/wp-content\/uploads\/2023\/12\/flexlinets03.png 800w, https:\/\/www.geotimharita.com.tr\/wp-content\/uploads\/2023\/12\/flexlinets03-175x175.png 175w, https:\/\/www.geotimharita.com.tr\/wp-content\/uploads\/2023\/12\/flexlinets03-768x768.png 768w, https:\/\/www.geotimharita.com.tr\/wp-content\/uploads\/2023\/12\/flexlinets03-300x300.png 300w, https:\/\/www.geotimharita.com.tr\/wp-content\/uploads\/2023\/12\/flexlinets03-600x600.png 600w, https:\/\/www.geotimharita.com.tr\/wp-content\/uploads\/2023\/12\/flexlinets03-180x180.png 180w\" sizes=\"(max-width: 800px) 100vw, 800px\" \/><\/span>\t\t \t<\/div>\r\n\t\t \t<div class=\"content-hover\">\r\n\t\t\t\t<div class=\"add-to-cart\">\r\n\t\t\t\t\t<a href=\"https:\/\/www.geotimharita.com.tr\/index.php\/urun\/leica-flexline-ts03\/\" data-quantity=\"1\" data-product_id=\"880\" data-product_sku=\"\" class=\"button  product_type_simple ajax_add_to_cart\"> Devam\u0131n\u0131 oku<\/a>\t\t\t  \t<\/div> \r\n\t\t\t<\/div>   \r\n\t\t<\/div>\r\n\r\n\t\t      \r\n\r\n\t\t\r\n\t\t<div class=\"product-meta\">\r\n\t\t\t<div class=\"clearfix\"><\/div>\r\n\t\t\t<div class=\"shop-category\"><a href=\"https:\/\/www.geotimharita.com.tr\/index.php\/urun-kategori\/leica-flexline\/\" rel=\"tag\">Leica FlexLine<\/a><\/div>\t\t\t<h3 class=\"shop-loop-title\"><a href=\"https:\/\/www.geotimharita.com.tr\/index.php\/urun\/leica-flexline-ts03\/\">Leica FlexLine TS03<\/a><\/h3>\r\n\t\t\t<div class=\"shop-loop-price\">\r\n\t\t  \t\t\r\n\t\t\t<\/div>\r\n\t\t<\/div>\r\n\t\t\t\r\n\t<\/div>\t\r\n<\/div>\r\n<\/div><div class=\"swiper-slide\">\r\n<div class=\"product-block product post-876 product type-product status-publish has-post-thumbnail product_cat-leica-flexline product_tag-leica-flexline product_tag-leica-flexline-serisi product_tag-leica-flexline-ts07 product_tag-leica-flexline-ts07-fiyat  instock shipping-taxable product-type-simple\">\r\n\t<div class=\"product-block-inner clearfix\">\r\n\t\t\r\n\t\t<div class=\"product-thumbnail\">\r\n\t\t\t<div class=\"product-thumbnail-inner\">\r\n\t\t\t \t<a class=\"link-overlay\" href=\"https:\/\/www.geotimharita.com.tr\/index.php\/urun\/leica-flexline-ts07\/\"><\/a><span class=\"attachment-shop_catalog\"><img decoding=\"async\" width=\"800\" height=\"800\" src=\"https:\/\/www.geotimharita.com.tr\/wp-content\/uploads\/2023\/12\/flexlineTS07.png\" class=\" wp-post-image\" alt=\"\" srcset=\"https:\/\/www.geotimharita.com.tr\/wp-content\/uploads\/2023\/12\/flexlineTS07.png 800w, https:\/\/www.geotimharita.com.tr\/wp-content\/uploads\/2023\/12\/flexlineTS07-175x175.png 175w, https:\/\/www.geotimharita.com.tr\/wp-content\/uploads\/2023\/12\/flexlineTS07-768x768.png 768w, https:\/\/www.geotimharita.com.tr\/wp-content\/uploads\/2023\/12\/flexlineTS07-300x300.png 300w, https:\/\/www.geotimharita.com.tr\/wp-content\/uploads\/2023\/12\/flexlineTS07-600x600.png 600w, https:\/\/www.geotimharita.com.tr\/wp-content\/uploads\/2023\/12\/flexlineTS07-180x180.png 180w\" sizes=\"(max-width: 800px) 100vw, 800px\" \/><\/span>\t\t \t<\/div>\r\n\t\t \t<div class=\"content-hover\">\r\n\t\t\t\t<div class=\"add-to-cart\">\r\n\t\t\t\t\t<a href=\"https:\/\/www.geotimharita.com.tr\/index.php\/urun\/leica-flexline-ts07\/\" data-quantity=\"1\" data-product_id=\"876\" data-product_sku=\"\" class=\"button  product_type_simple ajax_add_to_cart\"> Devam\u0131n\u0131 oku<\/a>\t\t\t  \t<\/div> \r\n\t\t\t<\/div>   \r\n\t\t<\/div>\r\n\r\n\t\t      \r\n\r\n\t\t\r\n\t\t<div class=\"product-meta\">\r\n\t\t\t<div class=\"clearfix\"><\/div>\r\n\t\t\t<div class=\"shop-category\"><a href=\"https:\/\/www.geotimharita.com.tr\/index.php\/urun-kategori\/leica-flexline\/\" rel=\"tag\">Leica FlexLine<\/a><\/div>\t\t\t<h3 class=\"shop-loop-title\"><a href=\"https:\/\/www.geotimharita.com.tr\/index.php\/urun\/leica-flexline-ts07\/\">Leica FlexLine TS07<\/a><\/h3>\r\n\t\t\t<div class=\"shop-loop-price\">\r\n\t\t  \t\t\r\n\t\t\t<\/div>\r\n\t\t<\/div>\r\n\t\t\t\r\n\t<\/div>\t\r\n<\/div>\r\n<\/div><div class=\"swiper-slide\">\r\n<div class=\"product-block product post-872 product type-product status-publish has-post-thumbnail product_cat-leica-flexline product_tag-leica-flexline product_tag-leica-flexline-ts10 product_tag-leica-flexline-ts10-fiyat  instock shipping-taxable product-type-simple\">\r\n\t<div class=\"product-block-inner clearfix\">\r\n\t\t\r\n\t\t<div class=\"product-thumbnail\">\r\n\t\t\t<div class=\"product-thumbnail-inner\">\r\n\t\t\t \t<a class=\"link-overlay\" href=\"https:\/\/www.geotimharita.com.tr\/index.php\/urun\/leica-flexline-ts10\/\"><\/a><span class=\"attachment-shop_catalog\"><img decoding=\"async\" width=\"800\" height=\"800\" src=\"https:\/\/www.geotimharita.com.tr\/wp-content\/uploads\/2023\/12\/flexlineTS10.png\" class=\" wp-post-image\" alt=\"\" srcset=\"https:\/\/www.geotimharita.com.tr\/wp-content\/uploads\/2023\/12\/flexlineTS10.png 800w, https:\/\/www.geotimharita.com.tr\/wp-content\/uploads\/2023\/12\/flexlineTS10-175x175.png 175w, https:\/\/www.geotimharita.com.tr\/wp-content\/uploads\/2023\/12\/flexlineTS10-768x768.png 768w, https:\/\/www.geotimharita.com.tr\/wp-content\/uploads\/2023\/12\/flexlineTS10-300x300.png 300w, https:\/\/www.geotimharita.com.tr\/wp-content\/uploads\/2023\/12\/flexlineTS10-600x600.png 600w, https:\/\/www.geotimharita.com.tr\/wp-content\/uploads\/2023\/12\/flexlineTS10-180x180.png 180w\" sizes=\"(max-width: 800px) 100vw, 800px\" \/><\/span>\t\t \t<\/div>\r\n\t\t \t<div class=\"content-hover\">\r\n\t\t\t\t<div class=\"add-to-cart\">\r\n\t\t\t\t\t<a href=\"https:\/\/www.geotimharita.com.tr\/index.php\/urun\/leica-flexline-ts10\/\" data-quantity=\"1\" data-product_id=\"872\" data-product_sku=\"\" class=\"button  product_type_simple ajax_add_to_cart\"> Devam\u0131n\u0131 oku<\/a>\t\t\t  \t<\/div> \r\n\t\t\t<\/div>   \r\n\t\t<\/div>\r\n\r\n\t\t      \r\n\r\n\t\t\r\n\t\t<div class=\"product-meta\">\r\n\t\t\t<div class=\"clearfix\"><\/div>\r\n\t\t\t<div class=\"shop-category\"><a href=\"https:\/\/www.geotimharita.com.tr\/index.php\/urun-kategori\/leica-flexline\/\" rel=\"tag\">Leica FlexLine<\/a><\/div>\t\t\t<h3 class=\"shop-loop-title\"><a href=\"https:\/\/www.geotimharita.com.tr\/index.php\/urun\/leica-flexline-ts10\/\">Leica FlexLine TS10<\/a><\/h3>\r\n\t\t\t<div class=\"shop-loop-price\">\r\n\t\t  \t\t\r\n\t\t\t<\/div>\r\n\t\t<\/div>\r\n\t\t\t\r\n\t<\/div>\t\r\n<\/div>\r\n<\/div>         <\/div> \r\n      <\/div>\r\n   <\/div>   \r\n   <div class=\"swiper-pagination\"><\/div>   <div class=\"swiper-nav-next\"><\/div><div class=\"swiper-nav-prev\"><\/div><\/div>\r\n<\/div>\t\t<\/div>\n\t\t\t\t<\/div>\n\t\t\t\t\t<\/div>\n\t\t\t\t<\/div>\n\t\t\t\t\t\t\t\t\t<\/div>\n\t\t\t<\/div>\n\t\t\t\t\t<\/div>\n\t\t","protected":false},"excerpt":{"rendered":"<p>Devam\u0131n\u0131 oku Leica FlexLine Leica FlexLine TS03 Devam\u0131n\u0131 oku Leica FlexLine Leica FlexLine TS07 Devam\u0131n\u0131 oku Leica FlexLine Leica FlexLine TS10<\/p>\n","protected":false},"author":1,"featured_media":0,"parent":0,"menu_order":0,"comment_status":"closed","ping_status":"closed","template":"","meta":{"footnotes":""},"class_list":["post-870","page","type-page","status-publish","hentry"],"_links":{"self":[{"href":"https:\/\/www.geotimharita.com.tr\/index.php\/wp-json\/wp\/v2\/pages\/870","targetHints":{"allow":["GET"]}}],"collection":[{"href":"https:\/\/www.geotimharita.com.tr\/index.php\/wp-json\/wp\/v2\/pages"}],"about":[{"href":"https:\/\/www.geotimharita.com.tr\/index.php\/wp-json\/wp\/v2\/types\/page"}],"author":[{"embeddable":true,"href":"https:\/\/www.geotimharita.com.tr\/index.php\/wp-json\/wp\/v2\/users\/1"}],"replies":[{"embeddable":true,"href":"https:\/\/www.geotimharita.com.tr\/index.php\/wp-json\/wp\/v2\/comments?post=870"}],"version-history":[{"count":4,"href":"https:\/\/www.geotimharita.com.tr\/index.php\/wp-json\/wp\/v2\/pages\/870\/revisions"}],"predecessor-version":[{"id":886,"href":"https:\/\/www.geotimharita.com.tr\/index.php\/wp-json\/wp\/v2\/pages\/870\/revisions\/886"}],"wp:attachment":[{"href":"https:\/\/www.geotimharita.com.tr\/index.php\/wp-json\/wp\/v2\/media?parent=870"}],"curies":[{"name":"wp","href":"https:\/\/api.w.org\/{rel}","templated":true}]}}