{"id":1002,"date":"2024-12-15T14:09:16","date_gmt":"2024-12-15T11:09:16","guid":{"rendered":"https:\/\/www.geotimharita.com.tr\/?post_type=product&#038;p=1002"},"modified":"2024-12-15T14:12:50","modified_gmt":"2024-12-15T11:12:50","slug":"stonex-s999-gnss-alicisi","status":"publish","type":"product","link":"https:\/\/www.geotimharita.com.tr\/index.php\/urun\/stonex-s999-gnss-alicisi\/","title":{"rendered":"Stonex S999 GNSS Al\u0131c\u0131s\u0131"},"content":{"rendered":"<table width=\"1037\">\n<tbody>\n<tr>\n<td width=\"85\"><img decoding=\"async\" class=\"aligncenter size-full wp-image-3581\" src=\"https:\/\/sistemharita.com.tr\/wp-content\/uploads\/Icon_Icon_Uydu.png\" alt=\"\" width=\"150\" height=\"150\" \/><\/td>\n<td width=\"519\"><strong>\u00c7OKLU UYDU S\u0130STEMLER\u0130<\/strong><br \/>\nS999, GPS, Galileo, GLONASS, BeiDou, QZSS ve IRNSS gibi birden fazla uydu sisteminden gelen sinyalleri izleyebilir ve kullanabilir.<\/td>\n<\/tr>\n<tr>\n<td width=\"85\"><img decoding=\"async\" class=\"aligncenter size-full wp-image-3582\" src=\"https:\/\/sistemharita.com.tr\/wp-content\/uploads\/Icon_imu.png\" alt=\"\" width=\"150\" height=\"150\" \/><\/td>\n<td width=\"519\"><strong>IMU TEKNOLOJ\u0130S\u0130<\/strong><br \/>\n60\u00b0\u2019ye kadar jalon ucunun \u00f6l\u00e7\u00fcm\u00fcne olanak sa\u011flayan IMU teknolojisi, \u00f6l\u00e7\u00fcm h\u0131z\u0131n\u0131 ve verimlili\u011fini artt\u0131r\u0131r.<\/td>\n<\/tr>\n<tr>\n<td width=\"85\"><img decoding=\"async\" class=\"alignright size-thumbnail wp-image-3545\" src=\"https:\/\/sistemharita.com.tr\/wp-content\/uploads\/Icon_dahili_kamera-150x150.png\" alt=\"\" width=\"150\" height=\"150\" \/><\/td>\n<td width=\"519\"><strong>\u00c7\u0130FT KAMERA<br \/>\n<\/strong>S999 al\u0131c\u0131s\u0131; biri aplikasyon i\u00e7in altta konumland\u0131r\u0131lm\u0131\u015f, di\u011feri ise fotogrametrik uygulamalar i\u00e7in\u00f6nde konumland\u0131r\u0131lm\u0131\u015f iki kamera ile donat\u0131lm\u0131\u015ft\u0131r.<\/td>\n<\/tr>\n<tr>\n<td width=\"85\"><img loading=\"lazy\" decoding=\"async\" class=\"aligncenter size-full wp-image-3584\" src=\"https:\/\/sistemharita.com.tr\/wp-content\/uploads\/Icon_radyo.png\" alt=\"\" width=\"150\" height=\"150\" \/><\/td>\n<td width=\"519\"><strong>\u00c7\u0130FT FREKANSLI RADYO<br \/>\n<\/strong>S999 GNSS al\u0131c\u0131s\u0131 410-470MHz ve 902.4-928MHz olarak \u00e7ift frekansl\u0131 UHF radyoya sahiptir<\/td>\n<\/tr>\n<tr>\n<td width=\"85\"><img loading=\"lazy\" decoding=\"async\" class=\"aligncenter size-thumbnail wp-image-4451\" src=\"https:\/\/sistemharita.com.tr\/wp-content\/uploads\/IP68-150x150.png\" sizes=\"(max-width: 150px) 100vw, 150px\" srcset=\"https:\/\/sistemharita.com.tr\/wp-content\/uploads\/IP68-150x150.png 150w, https:\/\/sistemharita.com.tr\/wp-content\/uploads\/IP68-300x300.png 300w, https:\/\/sistemharita.com.tr\/wp-content\/uploads\/IP68.png 567w\" alt=\"\" width=\"150\" height=\"150\" \/><\/td>\n<td width=\"519\"><strong>IP68 DAYANIKLILIK<br \/>\n<\/strong>S999, zorlu d\u0131\u015f ortamlar i\u00e7in tasarlanm\u0131\u015f dayan\u0131kl\u0131 ve IP68 su ge\u00e7irmez y\u00fcksek hassasiyetli konumland\u0131rma sunan bir GNSS al\u0131c\u0131s\u0131d\u0131r.<\/td>\n<\/tr>\n<\/tbody>\n<\/table>\n","protected":false},"excerpt":{"rendered":"<p>1408 kanall\u0131 S999, GPS, GLONASS, Galileo, QZSS, IRNSS ve BeiDou dahil olmak \u00fczere t\u00fcm GNSS sinyallerini destekleyerek hassas ve g\u00fcvenilir konumland\u0131rmay\u0131 garanti eder.<\/p>\n<p>Entegre 4G modeme ile 410-470 MHz ve 902.4-928 MHz frekans aral\u0131klar\u0131nda \u00e7al\u0131\u015fan 1 Watt\u2019l\u0131k bir UHF radyosu sayesinde s\u00fcrekli ba\u011flant\u0131 ve geni\u015fletilmi\u015f bir \u00e7al\u0131\u015fma aral\u0131\u011f\u0131 sa\u011flar. Geli\u015fmi\u015f IMU teknolojisi ile 60\u00b0\u2019ye kadar e\u011fimli \u00f6l\u00e7\u00fcm yapabilir ve saha verimlili\u011fini %40\u2019a kadar art\u0131r\u0131r.<\/p>\n<p>S999 al\u0131c\u0131s\u0131, kullan\u0131c\u0131n\u0131n \u00e7al\u0131\u015fma olanaklar\u0131n\u0131 artt\u0131r\u0131r, aplikasyon ve fotogrametrik uygulamalar i\u00e7in kullan\u0131lan 2 farkl\u0131 kamera ile komplike bir \u00f6l\u00e7\u00fcm deneyimi sunar.<\/p>\n<p>&nbsp;<\/p>\n<h5><strong>G\u00d6RSEL APL\u0130KASYON<img loading=\"lazy\" decoding=\"async\" class=\"alignright size-thumbnail wp-image-4526\" src=\"https:\/\/sistemharita.com.tr\/wp-content\/uploads\/tablet_ga-150x150.png\" sizes=\"(max-width: 150px) 100vw, 150px\" srcset=\"https:\/\/sistemharita.com.tr\/wp-content\/uploads\/tablet_ga-150x150.png 150w, https:\/\/sistemharita.com.tr\/wp-content\/uploads\/tablet_ga-700x700.png 700w\" alt=\"\" width=\"150\" height=\"150\" \/><\/strong><\/h5>\n<p>Aplikasyon s\u0131ras\u0131nda, \u00f6n kamera gidilmesi gereken do\u011frultunun \u00e7evresini g\u00f6r\u00fcnt\u00fcleyerek noktaya yakla\u015f\u0131m\u0131 olduk\u00e7a kolayla\u015ft\u0131r\u0131r. Yeterli mesafeye ula\u015f\u0131ld\u0131ktan sonra aplikasyon noktas\u0131n\u0131n detayl\u0131 ve y\u00fcksek do\u011fruluklu g\u00f6r\u00fcnt\u00fclenmesi i\u00e7in alt kameraya otomatik ge\u00e7i\u015f yapar. Cube-a aray\u00fcz\u00fc, kullan\u0131c\u0131lar\u0131 kesin aplikasyon noktas\u0131na y\u00f6nlendirmek i\u00e7in yard\u0131mc\u0131 i\u015faretler kullan\u0131r. Grafik aray\u00fczdeki i\u015faretleyiciler kullan\u0131c\u0131n\u0131n hareketine g\u00f6re hem do\u011frultu hem de mesafe bilgisini sunar.<\/p>\n<p>&nbsp;<\/p>\n<p>&nbsp;<\/p>\n<h5><img loading=\"lazy\" decoding=\"async\" class=\"alignleft size-thumbnail wp-image-4525\" src=\"https:\/\/sistemharita.com.tr\/wp-content\/uploads\/tablet_eno-150x150.png\" sizes=\"(max-width: 150px) 100vw, 150px\" srcset=\"https:\/\/sistemharita.com.tr\/wp-content\/uploads\/tablet_eno-150x150.png 150w, https:\/\/sistemharita.com.tr\/wp-content\/uploads\/tablet_eno-700x700.png 700w\" alt=\"\" width=\"150\" height=\"150\" \/><strong>ER\u0130\u015e\u0130LEMEYEN NOKTA \u00d6L\u00c7\u00dcM\u00dc<\/strong><\/h5>\n<p>S999 \u00e7ift kameral\u0131 GNSS al\u0131c\u0131s\u0131 \u00f6l\u00e7mek istedi\u011finiz alan\u0131n bir videosunu kaydetmenize olanak tan\u0131r. Stonex taraf\u0131ndan geli\u015ftirilen \u00f6zel algoritma, \u00f6l\u00e7\u00fclecek noktalar\u0131n se\u00e7ilebilmesi i\u00e7in kaydedilen videodan kullan\u0131labilecek en iyi foto\u011fraflar\u0131 \u00e7\u0131kar\u0131r. Se\u00e7ilen noktalar\u0131n koordinatlar\u0131, Cube-a taraf\u0131ndan hemen hesaplanarak kolayca kaydedilebilir. \u00d6l\u00e7\u00fcmler sahada yap\u0131labildi\u011fi gibi i\u015f tamamland\u0131ktan sonra ofis ortam\u0131nda da yap\u0131labilir.<\/p>\n<p>&nbsp;<\/p>\n<p>&nbsp;<\/p>\n<p>&nbsp;<\/p>\n<h5><strong>\u00c7EVR\u0130M\u0130\u00c7\u0130 NOKTA BULUTU VE MESH<\/strong><img loading=\"lazy\" decoding=\"async\" class=\"alignright size-thumbnail wp-image-4524\" src=\"https:\/\/sistemharita.com.tr\/wp-content\/uploads\/tablet_cnbm-150x150.png\" sizes=\"(max-width: 150px) 100vw, 150px\" srcset=\"https:\/\/sistemharita.com.tr\/wp-content\/uploads\/tablet_cnbm-150x150.png 150w, https:\/\/sistemharita.com.tr\/wp-content\/uploads\/tablet_cnbm-700x700.png 700w\" alt=\"\" width=\"150\" height=\"150\" \/><\/h5>\n<p>\u00d6l\u00e7\u00fclmek istenen alan\u0131n kaydedilen videosu d\u0131\u015far\u0131 aktar\u0131labilir ve \u00fc\u00e7 boyutlu bir model (nokta bulutu ve mesh) olu\u015fturmak i\u00e7in \u00fc\u00e7\u00fcnc\u00fc parti bir fotogrametri yaz\u0131l\u0131m\u0131nda (Cube-3D) kullan\u0131labilir. Alternatif olarak, do\u011frudan Cube-a arazi yaz\u0131l\u0131m\u0131ndan Stonex VScloud bulut yaz\u0131l\u0131m\u0131na g\u00f6nderilerek yar\u0131-ger\u00e7ek zamanl\u0131 veri i\u015flemine tabi tutalabilir ve 3-boyutlu bir model (nokta bulutu ve mesh) elde edilebilir. Daha sonra bu model, kontrol \u00fcnitesi \u00fczerinden Cube-a (v. 7) yaz\u0131l\u0131m\u0131 ile do\u011frudan g\u00f6rselle\u015ftirilebilir ve y\u00f6netilebilir.<\/p>\n","protected":false},"featured_media":1004,"comment_status":"open","ping_status":"closed","template":"","meta":[],"product_brand":[],"product_cat":[55,27],"product_tag":[219,220,222,223,224],"class_list":{"0":"post-1002","1":"product","2":"type-product","3":"status-publish","4":"has-post-thumbnail","6":"product_cat-saha-cozumleri","7":"product_cat-stonex-gnss","8":"product_tag-stonex-gnss","9":"product_tag-stonex-kamerali-gnss","10":"product_tag-stonex-s999","11":"product_tag-stonex-s999-gnss","12":"product_tag-stonex-s999-kamerali-gnss","14":"first","15":"instock","16":"shipping-taxable","17":"product-type-simple"},"_links":{"self":[{"href":"https:\/\/www.geotimharita.com.tr\/index.php\/wp-json\/wp\/v2\/product\/1002","targetHints":{"allow":["GET"]}}],"collection":[{"href":"https:\/\/www.geotimharita.com.tr\/index.php\/wp-json\/wp\/v2\/product"}],"about":[{"href":"https:\/\/www.geotimharita.com.tr\/index.php\/wp-json\/wp\/v2\/types\/product"}],"replies":[{"embeddable":true,"href":"https:\/\/www.geotimharita.com.tr\/index.php\/wp-json\/wp\/v2\/comments?post=1002"}],"wp:featuredmedia":[{"embeddable":true,"href":"https:\/\/www.geotimharita.com.tr\/index.php\/wp-json\/wp\/v2\/media\/1004"}],"wp:attachment":[{"href":"https:\/\/www.geotimharita.com.tr\/index.php\/wp-json\/wp\/v2\/media?parent=1002"}],"wp:term":[{"taxonomy":"product_brand","embeddable":true,"href":"https:\/\/www.geotimharita.com.tr\/index.php\/wp-json\/wp\/v2\/product_brand?post=1002"},{"taxonomy":"product_cat","embeddable":true,"href":"https:\/\/www.geotimharita.com.tr\/index.php\/wp-json\/wp\/v2\/product_cat?post=1002"},{"taxonomy":"product_tag","embeddable":true,"href":"https:\/\/www.geotimharita.com.tr\/index.php\/wp-json\/wp\/v2\/product_tag?post=1002"}],"curies":[{"name":"wp","href":"https:\/\/api.w.org\/{rel}","templated":true}]}}