{"id":1012,"date":"2025-05-23T19:52:08","date_gmt":"2025-05-23T16:52:08","guid":{"rendered":"https:\/\/www.geotimharita.com.tr\/?post_type=product&#038;p=1012"},"modified":"2025-08-08T17:38:58","modified_gmt":"2025-08-08T14:38:58","slug":"infipax-l30-pro-gnss-alicisi","status":"publish","type":"product","link":"https:\/\/www.geotimharita.com.tr\/index.php\/urun\/infipax-l30-pro-gnss-alicisi\/","title":{"rendered":"Infipax L30 Pro GNSS Al\u0131c\u0131s\u0131"},"content":{"rendered":"<p><strong>\u00d6zellikler<\/strong><\/p>\n<p>L30, 1408 kanal kapasitesine sahip y\u00fcksek performansl\u0131 bir RTK al\u0131c\u0131s\u0131d\u0131r.<br \/>\nBDS, GPS, GLONASS, Galileo, QZSS uydu sistemlerini destekler. Dahili<br \/>\nverici\/al\u0131c\u0131 radyo, 4G, Bluetooth, WiFi ve NFC ileti\u015fim mod\u00fcllerine sahiptir.<br \/>\nEntegre e\u011fim sens\u00f6r\u00fc ile birlikte gelir. L30 Pro ve L30 Ultra modelleri \u00e7ift<br \/>\nkamerayla donat\u0131lm\u0131\u015ft\u0131r. L30 Ultra ise entegre lazer mod\u00fcl\u00fcyle birlikte<br \/>\ngelerek haritac\u0131ya yeni bir \u00f6l\u00e7\u00fcm deneyimi sunar.<\/p>\n<p><strong>E\u011fik \u00d6l\u00e7\u00fcm Telafisi<\/strong><\/p>\n<p>L30, 200 Hz g\u00fcncelleme h\u0131z\u0131na sahip y\u00fcksek performansl\u0131 bir IMU mod\u00fcl\u00fcyle entegredir ve<br \/>\nmaksimum 120\u00b0 e\u011fim a\u00e7\u0131s\u0131n\u0131 destekler. E\u011fik \u00f6l\u00e7\u00fcm \u00f6zelli\u011fi sayesinde, tehlikeli yollar, ara\u00e7 alt\u0131<br \/>\ngibi ula\u015f\u0131lmas\u0131 zor noktalar ya da sa\u00e7ak alt\u0131 gibi GNSS sinyalinin zay\u0131f oldu\u011fu alanlarda<br \/>\nkolayl\u0131kla nokta toplanabilir. Bu \u00f6zellik, \u00e7al\u0131\u015fma verimlili\u011fini %30 oran\u0131nda art\u0131r\u0131r.<\/p>\n<p><strong>Art\u0131r\u0131lm\u0131\u015f Ger\u00e7eklik (AR) ile Aplikasyon<\/strong><\/p>\n<p>L30 Pro ve L30 Ultra modelleri, gece g\u00f6r\u00fc\u015f destekli \u00e7ift kamera sistemine sahiptir. Hedef<br \/>\nnoktaya uzakl\u0131k durumuna g\u00f6re; uzak mesafede yan kamera, yak\u0131n mesafede ise alt kamera<br \/>\ndevreye girer. Yaz\u0131l\u0131m, art\u0131r\u0131lm\u0131\u015f ger\u00e7eklik teknolojisiyle entegre \u00e7al\u0131\u015farak hedef noktan\u0131n<br \/>\nkonumunu g\u00f6rsel olarak ekrana yans\u0131t\u0131r. Bu da aplikasyon s\u00fcrecinin verimlili\u011fini %30 art\u0131r\u0131r.<\/p>\n<p><strong>Radyo ve 4G Mod\u00fclleri<\/strong><\/p>\n<p>Dahili 2W verici\/al\u0131c\u0131 radyo, Lora ba\u015fta olmak \u00fczere TRIMTALK, TRIMMARK III, South gibi<br \/>\nbir\u00e7ok protokolle uyumludur. Dahili 4G mod\u00fcl\u00fc sayesinde al\u0131c\u0131, NTRIP protokol\u00fc ile baz<br \/>\nistasyonu veya gezici olarak yap\u0131land\u0131r\u0131labilir.<\/p>\n","protected":false},"excerpt":{"rendered":"<p><strong>Lazer ile \u00d6l\u00e7\u00fcm<\/strong><\/p>\n<p>L30 Ultra, hedefe fiziksel olarak yakla\u015fmadan nokta al\u0131m imk\u00e2n\u0131 sunan dahili bir lazer<br \/>\nmod\u00fcl\u00fcne sahiptir. Bu sayede GNSS sinyali al\u0131namayan ya da eri\u015fimi zor hedefler kolayl\u0131kla<br \/>\n\u00f6l\u00e7\u00fclebilir.<\/p>\n<p><strong>E\u011fik \u00d6l\u00e7\u00fcm Telafisi<\/strong><\/p>\n<p>L30, 200 Hz g\u00fcncelleme h\u0131z\u0131na sahip y\u00fcksek performansl\u0131 bir IMU mod\u00fcl\u00fcyle entegredir ve<br \/>\nmaksimum 120\u00b0 e\u011fim a\u00e7\u0131s\u0131n\u0131 destekler. E\u011fik \u00f6l\u00e7\u00fcm \u00f6zelli\u011fi sayesinde, tehlikeli yollar, ara\u00e7 alt\u0131<br \/>\ngibi ula\u015f\u0131lmas\u0131 zor noktalar ya da sa\u00e7ak alt\u0131 gibi GNSS sinyalinin zay\u0131f oldu\u011fu alanlarda<br \/>\nkolayl\u0131kla nokta toplanabilir. Bu \u00f6zellik, \u00e7al\u0131\u015fma verimlili\u011fini %30 oran\u0131nda art\u0131r\u0131r.<\/p>\n<p><strong>Art\u0131r\u0131lm\u0131\u015f Ger\u00e7eklik (AR) ile Aplikasyon<\/strong><\/p>\n<p>L30 Pro ve L30 Ultra modelleri, gece g\u00f6r\u00fc\u015f destekli \u00e7ift kamera sistemine sahiptir. Hedef<br \/>\nnoktaya uzakl\u0131k durumuna g\u00f6re; uzak mesafede yan kamera, yak\u0131n mesafede ise alt kamera<br \/>\ndevreye girer. Yaz\u0131l\u0131m, art\u0131r\u0131lm\u0131\u015f ger\u00e7eklik teknolojisiyle entegre \u00e7al\u0131\u015farak hedef noktan\u0131n<br \/>\nkonumunu g\u00f6rsel olarak ekrana yans\u0131t\u0131r. Bu da aplikasyon s\u00fcrecinin verimlili\u011fini %30 art\u0131r\u0131r.<\/p>\n<p><strong>Radyo ve 4G Mod\u00fclleri<\/strong><\/p>\n<p>Dahili 2W verici\/al\u0131c\u0131 radyo, Lora ba\u015fta olmak \u00fczere TRIMTALK, TRIMMARK III, South gibi<br \/>\nbir\u00e7ok protokolle uyumludur. Dahili 4G mod\u00fcl\u00fc sayesinde al\u0131c\u0131, NTRIP protokol\u00fc ile baz<br \/>\nistasyonu veya gezici olarak yap\u0131land\u0131r\u0131labilir.<\/p>\n","protected":false},"featured_media":1010,"comment_status":"open","ping_status":"closed","template":"","meta":[],"product_brand":[],"product_cat":[15],"product_tag":[227,225,226,228,232,229,230,231],"class_list":{"0":"post-1012","1":"product","2":"type-product","3":"status-publish","4":"has-post-thumbnail","6":"product_cat-genel","7":"product_tag-gnss-alici","8":"product_tag-infipax","9":"product_tag-infipax-gnss","10":"product_tag-infipax-l30","11":"product_tag-infipax-l30-ultra","12":"product_tag-l30-gnss","13":"product_tag-l30-gnss-alicisi","14":"product_tag-l30-ultra","16":"first","17":"instock","18":"shipping-taxable","19":"product-type-simple"},"_links":{"self":[{"href":"https:\/\/www.geotimharita.com.tr\/index.php\/wp-json\/wp\/v2\/product\/1012","targetHints":{"allow":["GET"]}}],"collection":[{"href":"https:\/\/www.geotimharita.com.tr\/index.php\/wp-json\/wp\/v2\/product"}],"about":[{"href":"https:\/\/www.geotimharita.com.tr\/index.php\/wp-json\/wp\/v2\/types\/product"}],"replies":[{"embeddable":true,"href":"https:\/\/www.geotimharita.com.tr\/index.php\/wp-json\/wp\/v2\/comments?post=1012"}],"wp:featuredmedia":[{"embeddable":true,"href":"https:\/\/www.geotimharita.com.tr\/index.php\/wp-json\/wp\/v2\/media\/1010"}],"wp:attachment":[{"href":"https:\/\/www.geotimharita.com.tr\/index.php\/wp-json\/wp\/v2\/media?parent=1012"}],"wp:term":[{"taxonomy":"product_brand","embeddable":true,"href":"https:\/\/www.geotimharita.com.tr\/index.php\/wp-json\/wp\/v2\/product_brand?post=1012"},{"taxonomy":"product_cat","embeddable":true,"href":"https:\/\/www.geotimharita.com.tr\/index.php\/wp-json\/wp\/v2\/product_cat?post=1012"},{"taxonomy":"product_tag","embeddable":true,"href":"https:\/\/www.geotimharita.com.tr\/index.php\/wp-json\/wp\/v2\/product_tag?post=1012"}],"curies":[{"name":"wp","href":"https:\/\/api.w.org\/{rel}","templated":true}]}}