{"id":1065,"date":"2025-11-20T20:37:27","date_gmt":"2025-11-20T17:37:27","guid":{"rendered":"https:\/\/www.geotimharita.com.tr\/?post_type=product&#038;p=1065"},"modified":"2025-11-20T20:39:50","modified_gmt":"2025-11-20T17:39:50","slug":"infipax-l20-akilli-gnss","status":"publish","type":"product","link":"https:\/\/www.geotimharita.com.tr\/index.php\/urun\/infipax-l20-akilli-gnss\/","title":{"rendered":"Infipax L20 Ak\u0131ll\u0131 GNSS"},"content":{"rendered":"<h1 data-start=\"214\" data-end=\"292\"><strong data-start=\"216\" data-end=\"292\">L20 GNSS Al\u0131c\u0131 \u2013 Profesyonel RTK \u00d6l\u00e7\u00fcm \u00c7\u00f6z\u00fcm\u00fc\u00a0<\/strong><\/h1>\n<h2 data-start=\"294\" data-end=\"358\"><strong data-start=\"297\" data-end=\"356\">Tam Tak\u0131my\u0131ld\u0131z Deste\u011fi ile \u00dcst\u00fcn Konumlama Performans\u0131<\/strong><\/h2>\n<p data-start=\"359\" data-end=\"789\">L20 GNSS al\u0131c\u0131, entegre <strong data-start=\"383\" data-end=\"420\">1408 kanall\u0131 geli\u015fmi\u015f GNSS mod\u00fcl\u00fc<\/strong> sayesinde BDS, GPS, Galileo, Glonass ve QZSS uydular\u0131ndan e\u015f zamanl\u0131 sinyal alabilir.<br data-start=\"506\" data-end=\"509\" \/>Bu tam tak\u0131my\u0131ld\u0131z deste\u011fi, \u00f6zellikle <strong data-start=\"547\" data-end=\"627\">\u015fehir i\u00e7i, ormanl\u0131k alan veya y\u00fcksek binalar\u0131n bulundu\u011fu karma\u015f\u0131k ortamlarda<\/strong> daha fazla sinyal yedeklili\u011fi ve daha kararl\u0131 \u00f6l\u00e7\u00fcm performans\u0131 sa\u011flar.<br data-start=\"699\" data-end=\"702\" \/>Bu sayede kullan\u0131c\u0131lar zorlu ko\u015fullarda bile <strong data-start=\"747\" data-end=\"778\">y\u00fcksek do\u011frulukta RTK \u00f6l\u00e7\u00fcm<\/strong> yapabilir.<\/p>\n<h2 data-start=\"791\" data-end=\"849\"><strong data-start=\"794\" data-end=\"847\">AR Aplikasyon ile %30 Daha H\u0131zl\u0131 Nokta \u0130\u015faretleme<\/strong><\/h2>\n<p data-start=\"850\" data-end=\"1246\">L20, alt k\u0131sm\u0131na entegre edilmi\u015f kamera ve geli\u015fmi\u015f yaz\u0131l\u0131m altyap\u0131s\u0131 ile <strong data-start=\"924\" data-end=\"962\">AR (Art\u0131r\u0131lm\u0131\u015f Ger\u00e7eklik) stakeout<\/strong> \u00f6zelli\u011fi sunar.<br data-start=\"978\" data-end=\"981\" \/>Gece g\u00f6r\u00fc\u015f destekli kamera, hedef noktaya yakla\u015f\u0131rken cihaz ekran\u0131nda noktan\u0131n konumunu ger\u00e7ek g\u00f6r\u00fcnt\u00fc \u00fczerine yerle\u015ftirerek g\u00f6sterir.<br data-start=\"1115\" data-end=\"1118\" \/>Bu teknoloji, \u00f6zellikle yo\u011fun \u015fantiye alanlar\u0131nda kapanm\u0131\u015f noktalar\u0131 bulmay\u0131 kolayla\u015ft\u0131r\u0131r ve <strong data-start=\"1212\" data-end=\"1245\">aplikasyon h\u0131z\u0131n\u0131 %30 art\u0131r\u0131r<\/strong>.<\/p>\n<h2 data-start=\"1248\" data-end=\"1297\"><strong data-start=\"1251\" data-end=\"1295\">60\u00b0 E\u011fim A\u00e7\u0131s\u0131na Kadar Tilt Compensation<\/strong><\/h2>\n<p data-start=\"1298\" data-end=\"1423\">Cihazda bulunan <strong data-start=\"1314\" data-end=\"1348\">200 Hz y\u00fcksek h\u0131zl\u0131 IMU mod\u00fcl\u00fc<\/strong>, 60\u00b0&#8217;ye kadar e\u011fimli \u00f6l\u00e7\u00fcm kabiliyeti sa\u011flar.<br data-start=\"1394\" data-end=\"1397\" \/>Tilt \u00f6zelli\u011fi sayesinde:<\/p>\n<ul data-start=\"1424\" data-end=\"1718\">\n<li data-start=\"1424\" data-end=\"1469\">\n<p data-start=\"1426\" data-end=\"1469\">Tehlikeli veya ula\u015f\u0131lmas\u0131 zor noktalarda,<\/p>\n<\/li>\n<li data-start=\"1470\" data-end=\"1540\">\n<p data-start=\"1472\" data-end=\"1540\">Ara\u00e7 alt\u0131, sa\u00e7ak alt\u0131 gibi GNSS sinyalinin zay\u0131f oldu\u011fu alanlarda,<\/p>\n<\/li>\n<li data-start=\"1541\" data-end=\"1718\">\n<p data-start=\"1543\" data-end=\"1718\">R\u00f6per, kot, detay noktalar\u0131 gibi yo\u011fun uygulamalarda<br data-start=\"1595\" data-end=\"1598\" \/>y\u00fcksek do\u011frulukla \u00f6l\u00e7\u00fcm al\u0131nabilir.<br data-start=\"1633\" data-end=\"1636\" \/>Bu da saha i\u015flerini \u00f6nemli \u00f6l\u00e7\u00fcde h\u0131zland\u0131r\u0131r ve <strong data-start=\"1685\" data-end=\"1717\">i\u015f verimlili\u011fini %30 art\u0131r\u0131r<\/strong>.<\/p>\n<\/li>\n<\/ul>\n<h2 data-start=\"1720\" data-end=\"1776\"><strong data-start=\"1723\" data-end=\"1774\">Entegre Radyo ve Global 4G Ba\u011flant\u0131 Se\u00e7enekleri<\/strong><\/h2>\n<p data-start=\"1777\" data-end=\"1993\">L20 GNSS cihaz\u0131, dahili <strong data-start=\"1801\" data-end=\"1832\">1.5W g\u00fc\u00e7l\u00fc \u00e7ift y\u00f6nl\u00fc radyo<\/strong> ile Farlink, TRIMTALK, TRIMMARK III, TRANSEOT, SATEL ve South gibi bir\u00e7ok radyo protokol\u00fcn\u00fc destekler.<br data-start=\"1935\" data-end=\"1938\" \/>Ayr\u0131ca global <strong data-start=\"1952\" data-end=\"1974\">4G ileti\u015fim mod\u00fcl\u00fc<\/strong> sayesinde cihaz:<\/p>\n<ul data-start=\"1994\" data-end=\"2174\">\n<li data-start=\"1994\" data-end=\"2027\">\n<p data-start=\"1996\" data-end=\"2027\">NTRIP ile <strong data-start=\"2006\" data-end=\"2024\">gezici (rover)<\/strong>,<\/p>\n<\/li>\n<li data-start=\"2028\" data-end=\"2174\">\n<p data-start=\"2030\" data-end=\"2174\">Sabit istasyon (base)<br data-start=\"2051\" data-end=\"2054\" \/>olarak yap\u0131land\u0131r\u0131labilir.<br data-start=\"2080\" data-end=\"2083\" \/>Bu da cihaz\u0131 hem \u015fantiyelerde hem de geni\u015f alan \u00f6l\u00e7\u00fcmlerinde son derece esnek hale getirir.<\/p>\n<\/li>\n<\/ul>\n","protected":false},"excerpt":{"rendered":"<h1 data-start=\"214\" data-end=\"292\"><strong data-start=\"216\" data-end=\"292\">L20 GNSS Al\u0131c\u0131 \u2013 Profesyonel RTK \u00d6l\u00e7\u00fcm \u00c7\u00f6z\u00fcm\u00fc (SEO Optimizasyonlu Metin)<\/strong><\/h1>\n<h2 data-start=\"294\" data-end=\"358\"><strong data-start=\"297\" data-end=\"356\">Tam Tak\u0131my\u0131ld\u0131z Deste\u011fi ile \u00dcst\u00fcn Konumlama Performans\u0131<\/strong><\/h2>\n<p data-start=\"359\" data-end=\"789\">L20 GNSS al\u0131c\u0131, entegre <strong data-start=\"383\" data-end=\"420\">1408 kanall\u0131 geli\u015fmi\u015f GNSS mod\u00fcl\u00fc<\/strong> sayesinde BDS, GPS, Galileo, Glonass ve QZSS uydular\u0131ndan e\u015f zamanl\u0131 sinyal alabilir.<br data-start=\"506\" data-end=\"509\" \/>Bu tam tak\u0131my\u0131ld\u0131z deste\u011fi, \u00f6zellikle <strong data-start=\"547\" data-end=\"627\">\u015fehir i\u00e7i, ormanl\u0131k alan veya y\u00fcksek binalar\u0131n bulundu\u011fu karma\u015f\u0131k ortamlarda<\/strong> daha fazla sinyal yedeklili\u011fi ve daha kararl\u0131 \u00f6l\u00e7\u00fcm performans\u0131 sa\u011flar.<br data-start=\"699\" data-end=\"702\" \/>Bu sayede kullan\u0131c\u0131lar zorlu ko\u015fullarda bile <strong data-start=\"747\" data-end=\"778\">y\u00fcksek do\u011frulukta RTK \u00f6l\u00e7\u00fcm<\/strong> yapabilir.<\/p>\n<h2 data-start=\"791\" data-end=\"849\"><strong data-start=\"794\" data-end=\"847\">AR Aplikasyon ile %30 Daha H\u0131zl\u0131 Nokta \u0130\u015faretleme<\/strong><\/h2>\n<p data-start=\"850\" data-end=\"1246\">L20, alt k\u0131sm\u0131na entegre edilmi\u015f kamera ve geli\u015fmi\u015f yaz\u0131l\u0131m altyap\u0131s\u0131 ile <strong data-start=\"924\" data-end=\"962\">AR (Art\u0131r\u0131lm\u0131\u015f Ger\u00e7eklik) stakeout<\/strong> \u00f6zelli\u011fi sunar.<br data-start=\"978\" data-end=\"981\" \/>Gece g\u00f6r\u00fc\u015f destekli kamera, hedef noktaya yakla\u015f\u0131rken cihaz ekran\u0131nda noktan\u0131n konumunu ger\u00e7ek g\u00f6r\u00fcnt\u00fc \u00fczerine yerle\u015ftirerek g\u00f6sterir.<br data-start=\"1115\" data-end=\"1118\" \/>Bu teknoloji, \u00f6zellikle yo\u011fun \u015fantiye alanlar\u0131nda kapanm\u0131\u015f noktalar\u0131 bulmay\u0131 kolayla\u015ft\u0131r\u0131r ve <strong data-start=\"1212\" data-end=\"1245\">aplikasyon h\u0131z\u0131n\u0131 %30 art\u0131r\u0131r<\/strong>.<\/p>\n<h2 data-start=\"1248\" data-end=\"1297\"><strong data-start=\"1251\" data-end=\"1295\">60\u00b0 E\u011fim A\u00e7\u0131s\u0131na Kadar Tilt Compensation<\/strong><\/h2>\n<p data-start=\"1298\" data-end=\"1423\">Cihazda bulunan <strong data-start=\"1314\" data-end=\"1348\">200 Hz y\u00fcksek h\u0131zl\u0131 IMU mod\u00fcl\u00fc<\/strong>, 60\u00b0&#8217;ye kadar e\u011fimli \u00f6l\u00e7\u00fcm kabiliyeti sa\u011flar.<br data-start=\"1394\" data-end=\"1397\" \/>Tilt \u00f6zelli\u011fi sayesinde:<\/p>\n<ul data-start=\"1424\" data-end=\"1718\">\n<li data-start=\"1424\" data-end=\"1469\">\n<p data-start=\"1426\" data-end=\"1469\">Tehlikeli veya ula\u015f\u0131lmas\u0131 zor noktalarda,<\/p>\n<\/li>\n<li data-start=\"1470\" data-end=\"1540\">\n<p data-start=\"1472\" data-end=\"1540\">Ara\u00e7 alt\u0131, sa\u00e7ak alt\u0131 gibi GNSS sinyalinin zay\u0131f oldu\u011fu alanlarda,<\/p>\n<\/li>\n<li data-start=\"1541\" data-end=\"1718\">\n<p data-start=\"1543\" data-end=\"1718\">R\u00f6per, kot, detay noktalar\u0131 gibi yo\u011fun uygulamalarda<br data-start=\"1595\" data-end=\"1598\" \/>y\u00fcksek do\u011frulukla \u00f6l\u00e7\u00fcm al\u0131nabilir.<br data-start=\"1633\" data-end=\"1636\" \/>Bu da saha i\u015flerini \u00f6nemli \u00f6l\u00e7\u00fcde h\u0131zland\u0131r\u0131r ve <strong data-start=\"1685\" data-end=\"1717\">i\u015f verimlili\u011fini %30 art\u0131r\u0131r<\/strong>.<\/p>\n<\/li>\n<\/ul>\n<h2 data-start=\"1720\" data-end=\"1776\"><strong data-start=\"1723\" data-end=\"1774\">Entegre Radyo ve Global 4G Ba\u011flant\u0131 Se\u00e7enekleri<\/strong><\/h2>\n<p data-start=\"1777\" data-end=\"1993\">L20 GNSS cihaz\u0131, dahili <strong data-start=\"1801\" data-end=\"1832\">1.5W g\u00fc\u00e7l\u00fc \u00e7ift y\u00f6nl\u00fc radyo<\/strong> ile Farlink, TRIMTALK, TRIMMARK III, TRANSEOT, SATEL ve South gibi bir\u00e7ok radyo protokol\u00fcn\u00fc destekler.<br data-start=\"1935\" data-end=\"1938\" \/>Ayr\u0131ca global <strong data-start=\"1952\" data-end=\"1974\">4G ileti\u015fim mod\u00fcl\u00fc<\/strong> sayesinde cihaz:<\/p>\n<ul data-start=\"1994\" data-end=\"2174\">\n<li data-start=\"1994\" data-end=\"2027\">\n<p data-start=\"1996\" data-end=\"2027\">NTRIP ile <strong data-start=\"2006\" data-end=\"2024\">gezici (rover)<\/strong>,<\/p>\n<\/li>\n<li data-start=\"2028\" data-end=\"2174\">\n<p data-start=\"2030\" data-end=\"2174\">Sabit istasyon (base)<br data-start=\"2051\" data-end=\"2054\" \/>olarak yap\u0131land\u0131r\u0131labilir.<br data-start=\"2080\" data-end=\"2083\" \/>Bu da cihaz\u0131 hem \u015fantiyelerde hem de geni\u015f alan \u00f6l\u00e7\u00fcmlerinde son derece esnek hale getirir.<\/p>\n<\/li>\n<\/ul>\n","protected":false},"featured_media":1066,"comment_status":"open","ping_status":"closed","template":"","meta":[],"product_brand":[],"product_cat":[15,239],"product_tag":[],"class_list":{"0":"post-1065","1":"product","2":"type-product","3":"status-publish","4":"has-post-thumbnail","6":"product_cat-genel","7":"product_cat-inf","9":"first","10":"instock","11":"shipping-taxable","12":"product-type-simple"},"_links":{"self":[{"href":"https:\/\/www.geotimharita.com.tr\/index.php\/wp-json\/wp\/v2\/product\/1065","targetHints":{"allow":["GET"]}}],"collection":[{"href":"https:\/\/www.geotimharita.com.tr\/index.php\/wp-json\/wp\/v2\/product"}],"about":[{"href":"https:\/\/www.geotimharita.com.tr\/index.php\/wp-json\/wp\/v2\/types\/product"}],"replies":[{"embeddable":true,"href":"https:\/\/www.geotimharita.com.tr\/index.php\/wp-json\/wp\/v2\/comments?post=1065"}],"wp:featuredmedia":[{"embeddable":true,"href":"https:\/\/www.geotimharita.com.tr\/index.php\/wp-json\/wp\/v2\/media\/1066"}],"wp:attachment":[{"href":"https:\/\/www.geotimharita.com.tr\/index.php\/wp-json\/wp\/v2\/media?parent=1065"}],"wp:term":[{"taxonomy":"product_brand","embeddable":true,"href":"https:\/\/www.geotimharita.com.tr\/index.php\/wp-json\/wp\/v2\/product_brand?post=1065"},{"taxonomy":"product_cat","embeddable":true,"href":"https:\/\/www.geotimharita.com.tr\/index.php\/wp-json\/wp\/v2\/product_cat?post=1065"},{"taxonomy":"product_tag","embeddable":true,"href":"https:\/\/www.geotimharita.com.tr\/index.php\/wp-json\/wp\/v2\/product_tag?post=1065"}],"curies":[{"name":"wp","href":"https:\/\/api.w.org\/{rel}","templated":true}]}}