{"id":456,"date":"2023-11-28T21:57:08","date_gmt":"2023-11-28T18:57:08","guid":{"rendered":"https:\/\/www.geotimharita.com.tr\/?post_type=product&#038;p=456"},"modified":"2023-11-28T21:57:09","modified_gmt":"2023-11-28T18:57:09","slug":"stonex-xvs-3b-tarayici","status":"publish","type":"product","link":"https:\/\/www.geotimharita.com.tr\/index.php\/urun\/stonex-xvs-3b-tarayici\/","title":{"rendered":"Stonex XVS 3B Taray\u0131c\u0131"},"content":{"rendered":"<p><img fetchpriority=\"high\" decoding=\"async\" class=\"alignnone size-full wp-image-457\" src=\"https:\/\/www.geotimharita.com.tr\/wp-content\/uploads\/2023\/11\/XVS2.jpg\" alt=\"\" width=\"679\" height=\"752\" srcset=\"https:\/\/www.geotimharita.com.tr\/wp-content\/uploads\/2023\/11\/XVS2.jpg 679w, https:\/\/www.geotimharita.com.tr\/wp-content\/uploads\/2023\/11\/XVS2-600x665.jpg 600w\" sizes=\"(max-width: 679px) 100vw, 679px\" \/><\/p>\n<p>Bro\u015f\u00fcre ula\u015fmak i\u00e7in a\u015fa\u011f\u0131daki ba\u011flant\u0131y\u0131 t\u0131klay\u0131n\u0131z.<\/p>\n<p><a href=\"https:\/\/www.geotimharita.com.tr\/wp-content\/uploads\/2023\/11\/Stonex-Lazer-XVS-A4-Brosur-TUR_geotim.pdf\">Stonex Lazer XVS A4 Bro\u015f\u00fcr TUR_geotim<\/a><\/p>\n","protected":false},"excerpt":{"rendered":"<p><img decoding=\"async\" class=\"alignnone size-full wp-image-459\" src=\"https:\/\/www.geotimharita.com.tr\/wp-content\/uploads\/2023\/11\/XVS1.jpg\" alt=\"\" width=\"548\" height=\"689\" \/><\/p>\n","protected":false},"featured_media":460,"comment_status":"open","ping_status":"closed","template":"","meta":[],"product_brand":[],"product_cat":[43],"product_tag":[],"class_list":{"0":"post-456","1":"product","2":"type-product","3":"status-publish","4":"has-post-thumbnail","6":"product_cat-lazer-tarayici","8":"first","9":"instock","10":"shipping-taxable","11":"product-type-simple"},"_links":{"self":[{"href":"https:\/\/www.geotimharita.com.tr\/index.php\/wp-json\/wp\/v2\/product\/456","targetHints":{"allow":["GET"]}}],"collection":[{"href":"https:\/\/www.geotimharita.com.tr\/index.php\/wp-json\/wp\/v2\/product"}],"about":[{"href":"https:\/\/www.geotimharita.com.tr\/index.php\/wp-json\/wp\/v2\/types\/product"}],"replies":[{"embeddable":true,"href":"https:\/\/www.geotimharita.com.tr\/index.php\/wp-json\/wp\/v2\/comments?post=456"}],"wp:featuredmedia":[{"embeddable":true,"href":"https:\/\/www.geotimharita.com.tr\/index.php\/wp-json\/wp\/v2\/media\/460"}],"wp:attachment":[{"href":"https:\/\/www.geotimharita.com.tr\/index.php\/wp-json\/wp\/v2\/media?parent=456"}],"wp:term":[{"taxonomy":"product_brand","embeddable":true,"href":"https:\/\/www.geotimharita.com.tr\/index.php\/wp-json\/wp\/v2\/product_brand?post=456"},{"taxonomy":"product_cat","embeddable":true,"href":"https:\/\/www.geotimharita.com.tr\/index.php\/wp-json\/wp\/v2\/product_cat?post=456"},{"taxonomy":"product_tag","embeddable":true,"href":"https:\/\/www.geotimharita.com.tr\/index.php\/wp-json\/wp\/v2\/product_tag?post=456"}],"curies":[{"name":"wp","href":"https:\/\/api.w.org\/{rel}","templated":true}]}}