{"id":565,"date":"2023-12-04T19:58:27","date_gmt":"2023-12-04T16:58:27","guid":{"rendered":"https:\/\/www.geotimharita.com.tr\/?post_type=product&#038;p=565"},"modified":"2023-12-04T21:46:03","modified_gmt":"2023-12-04T18:46:03","slug":"565","status":"publish","type":"product","link":"https:\/\/www.geotimharita.com.tr\/index.php\/urun\/565\/","title":{"rendered":"Leica NA 2 ve NAK 2 Serisi"},"content":{"rendered":"<p><img fetchpriority=\"high\" decoding=\"async\" class=\"alignnone size-full wp-image-567\" src=\"https:\/\/www.geotimharita.com.tr\/wp-content\/uploads\/2023\/12\/na500-karsilastirma-tablosu.png\" alt=\"\" width=\"1024\" height=\"669\" srcset=\"https:\/\/www.geotimharita.com.tr\/wp-content\/uploads\/2023\/12\/na500-karsilastirma-tablosu.png 1024w, https:\/\/www.geotimharita.com.tr\/wp-content\/uploads\/2023\/12\/na500-karsilastirma-tablosu-768x502.png 768w, https:\/\/www.geotimharita.com.tr\/wp-content\/uploads\/2023\/12\/na500-karsilastirma-tablosu-600x392.png 600w\" sizes=\"(max-width: 1024px) 100vw, 1024px\" \/><\/p>\n","protected":false},"excerpt":{"rendered":"<h2>Leica NA2 &amp; NAK2 Otomatik, Optik Nivolar<\/h2>\n<p><strong>\u00dccretinin hakk\u0131n\u0131 veren esneklik<\/strong><br \/>\nNA serisi her t\u00fcrl\u00fc \u00f6l\u00e7\u00fcm i\u015finde kullan\u0131lmak \u00fczere tasarlanm\u0131\u015ft\u0131r. \u0130n\u015faat \u015fantiyelerinde rutin tesviye i\u015fleri yapmak, binalar\u0131, demir yollar\u0131n\u0131 veya kara yollar\u0131n\u0131 kontrol etmek veya g\u00f6r\u00fcnt\u00fclemek i\u00e7in NA nivolar\u0131 daima do\u011fru cihazlard\u0131r.<\/p>\n<p><strong>En y\u00fcksek do\u011fruluk ve g\u00fcvenilirlik<\/strong><br \/>\nG\u00fcne\u015fli g\u00fcnlerde bile g\u00fcvenilir ve prezisyonlu tesviye sonu\u00e7lar\u0131 al\u0131n. En iyi optik kalitesi ile Leica Geosystems daima y\u00fcksek kontrastl\u0131 g\u00f6r\u00fcnt\u00fc sa\u011flar ve uygunsuz \u0131\u015f\u0131k ko\u015fullar\u0131nda bile prezisyonlu ve kolay okumaya imkan verir. Y\u00fcksek s\u0131cakl\u0131k dengesi ile, her zaman g\u00fcvenilir sonu\u00e7lar sa\u011flarken direkt g\u00fcne\u015f radyasyonundan nispeten etkilenmez.<\/p>\n<p><strong>H\u0131zl\u0131 ve kolay kurulum<\/strong><br \/>\nH\u0131zl\u0131 kurulan Leica NA nivolar\u0131 ile hem veriminizi artt\u0131r\u0131n hem de zamandan tasarruf edin. Minimum d\u00f6nd\u00fcrme ile h\u0131zl\u0131 kurulum i\u00e7in odaklama d\u00fc\u011fmesinin kaba hareketini kullan\u0131n. Hassas hareketse son dokunu\u015fta kusursuz bir g\u00f6r\u00fcnt\u00fc yakalayacakt\u0131r. Kompansat\u00f6r\u00fcn i\u015flevselli\u011fini kontrol etmek i\u00e7in tu\u015fa bas\u0131n. Bu kontrol bir saniyeden k\u0131sa s\u00fcrecek ve y\u00fcksek seviyede g\u00fcvenlik sa\u011flayacakt\u0131r!<\/p>\n","protected":false},"featured_media":569,"comment_status":"open","ping_status":"closed","template":"","meta":[],"product_brand":[],"product_cat":[66],"product_tag":[],"class_list":{"0":"post-565","1":"product","2":"type-product","3":"status-publish","4":"has-post-thumbnail","6":"product_cat-leica-nivo","8":"first","9":"instock","10":"shipping-taxable","11":"product-type-simple"},"_links":{"self":[{"href":"https:\/\/www.geotimharita.com.tr\/index.php\/wp-json\/wp\/v2\/product\/565","targetHints":{"allow":["GET"]}}],"collection":[{"href":"https:\/\/www.geotimharita.com.tr\/index.php\/wp-json\/wp\/v2\/product"}],"about":[{"href":"https:\/\/www.geotimharita.com.tr\/index.php\/wp-json\/wp\/v2\/types\/product"}],"replies":[{"embeddable":true,"href":"https:\/\/www.geotimharita.com.tr\/index.php\/wp-json\/wp\/v2\/comments?post=565"}],"wp:featuredmedia":[{"embeddable":true,"href":"https:\/\/www.geotimharita.com.tr\/index.php\/wp-json\/wp\/v2\/media\/569"}],"wp:attachment":[{"href":"https:\/\/www.geotimharita.com.tr\/index.php\/wp-json\/wp\/v2\/media?parent=565"}],"wp:term":[{"taxonomy":"product_brand","embeddable":true,"href":"https:\/\/www.geotimharita.com.tr\/index.php\/wp-json\/wp\/v2\/product_brand?post=565"},{"taxonomy":"product_cat","embeddable":true,"href":"https:\/\/www.geotimharita.com.tr\/index.php\/wp-json\/wp\/v2\/product_cat?post=565"},{"taxonomy":"product_tag","embeddable":true,"href":"https:\/\/www.geotimharita.com.tr\/index.php\/wp-json\/wp\/v2\/product_tag?post=565"}],"curies":[{"name":"wp","href":"https:\/\/api.w.org\/{rel}","templated":true}]}}