{"id":581,"date":"2023-12-04T20:09:26","date_gmt":"2023-12-04T17:09:26","guid":{"rendered":"https:\/\/www.geotimharita.com.tr\/?post_type=product&#038;p=581"},"modified":"2023-12-04T20:09:26","modified_gmt":"2023-12-04T17:09:26","slug":"leica-sprinter-250-m-nivo","status":"publish","type":"product","link":"https:\/\/www.geotimharita.com.tr\/index.php\/urun\/leica-sprinter-250-m-nivo\/","title":{"rendered":"Leica Sprinter 250 M Nivo"},"content":{"rendered":"<p><img fetchpriority=\"high\" decoding=\"async\" class=\"alignnone size-full wp-image-582\" src=\"https:\/\/www.geotimharita.com.tr\/wp-content\/uploads\/2023\/12\/2A.png\" alt=\"\" width=\"1024\" height=\"461\" srcset=\"https:\/\/www.geotimharita.com.tr\/wp-content\/uploads\/2023\/12\/2A.png 1024w, https:\/\/www.geotimharita.com.tr\/wp-content\/uploads\/2023\/12\/2A-768x346.png 768w, https:\/\/www.geotimharita.com.tr\/wp-content\/uploads\/2023\/12\/2A-600x270.png 600w\" sizes=\"(max-width: 1024px) 100vw, 1024px\" \/><\/p>\n","protected":false},"excerpt":{"rendered":"<h1><img decoding=\"async\" class=\"aligncenter wp-image-1809 size-full\" src=\"https:\/\/leicatotalstation.com\/wp-content\/uploads\/135201616289354.jpg\" sizes=\"(max-width: 1280px) 100vw, 1280px\" srcset=\"https:\/\/leicatotalstation.com\/wp-content\/uploads\/135201616289354.jpg 1280w, https:\/\/leicatotalstation.com\/wp-content\/uploads\/135201616289354-300x94.jpg 300w, https:\/\/leicatotalstation.com\/wp-content\/uploads\/135201616289354-1024x320.jpg 1024w, https:\/\/leicatotalstation.com\/wp-content\/uploads\/135201616289354-768x240.jpg 768w\" alt=\"\" width=\"1280\" height=\"400\" \/><\/h1>\n<h1>Leica Sprinter 250M &amp; 150M Dijital Nivolar<\/h1>\n<h2>En y\u00fcksek performans ve dahili bellekli dijital nivolar<\/h2>\n<p>&nbsp;<\/p>\n<p>Leica Sprinter M dijital nivolar\u0131 ile \u00e7al\u0131\u015fman\u0131z\u0131n kalitesini y\u00fckseltirken veriminizi de artt\u0131r\u0131n. T\u00fcm \u00f6l\u00e7\u00fcmler s\u0131ra ile kaydedilir ve Microsoft Excel\u2019de kullan\u0131lmak \u00fczere bilgisayara indirilebilir. Farkl\u0131 hesaplama se\u00e7enekleri size esnek \u00e7al\u0131\u015fma imkan\u0131 verir. Bu dijital nivolarla nivelman i\u015fleriniz \u00f6nemli \u00f6l\u00e7\u00fcde kolayla\u015facakt\u0131r.<\/p>\n<p>&nbsp;<\/p>\n<p><strong>Geli\u015fmi\u015f i\u015f ak\u0131\u015f\u0131 ve y\u00fcksek verim<\/strong><br \/>\nVeri kayd\u0131 hatalar ortadan kalkarken i\u015f ak\u0131\u015f\u0131n\u0131z\u0131 geli\u015ftirmi\u015f olursunuz. 2.000\u2019e kadar \u00f6l\u00e7\u00fcm\u00fc kaydedebilir ve bunlar\u0131 USB aray\u00fcz\u00fc ile ki\u015fisel bilgisayar\u0131n\u0131za indirebilirsiniz. Sprinter DataLoader ile Microsoft Excel\u2019e sorunsuz veri aktar\u0131m\u0131 sa\u011flan\u0131r. \u00d6l\u00e7\u00fcleriniz ayn\u0131 zamanda RS232 aray\u00fcz\u00fc ile harici bir veri toplay\u0131c\u0131s\u0131na da aktar\u0131labilir.<\/p>\n<p>&nbsp;<\/p>\n<p><strong>Y\u00fcksek uygulama esnekli\u011fi<\/strong><br \/>\nLeica Sprinter M cihazlar\u0131n\u0131n otomatik hesaplama programlar\u0131 ile her t\u00fcrl\u00fc in\u015faat tesviye i\u015fleri i\u00e7in haz\u0131rs\u0131n\u0131z. Programlar:<\/p>\n<p><strong>* Delta y\u00fcksekli\u011fi<\/strong>: Noktalar aras\u0131ndaki y\u00fckseklik fark\u0131n\u0131 hesaplar. Noktan\u0131z\u0131 girin, geri okuma noktan\u0131z\u0131 \u00f6l\u00e7\u00fcn ve sonra do\u011fru hesaplamalar i\u00e7in \u00e7e\u015fitli hedeflerinizi (ileri okumalar) \u00f6l\u00e7\u00fcn. Delta y\u00fcksekli\u011fi daima hesaplan\u0131r ve net bi\u00e7imde g\u00f6r\u00fcnt\u00fclenir.<\/p>\n<p><strong>* ivelman<\/strong><strong>:\u00a0<\/strong>Sadece geri veya ileri noktalar\u0131n\u0131z veya ara okumalar\u0131n\u0131z da olsa, ihtiyac\u0131n\u0131z olan nivelman bi\u00e7imini se\u00e7in. Son noktaya ula\u015fana kadar, \u00f6nce ba\u015flang\u0131\u00e7 noktan\u0131z\u0131 girin, geri, ileri ve ara okumalar yap\u0131n. T\u00fcm \u00f6l\u00e7\u00fcmler d\u00fczg\u00fcn s\u0131ra ile kaydedilecektir..<\/p>\n<p><strong>* Kaz\u0131 ve dolgu:<\/strong>\u00a0Bu uygulama bir referans kota dayal\u0131 kaz\u0131 ve dolgu sonu\u00e7lar\u0131n\u0131 g\u00f6sterir. Gerekli referans kotu ve noktan\u0131z\u0131 girin. Geri okuma yap\u0131n ve \u00f6l\u00e7\u00fcm\u00fc ba\u015flat\u0131n. Program referans kotunuza k\u0131yasla kaz\u0131 ve dolgu sonu\u00e7lar\u0131n\u0131, kot farklar\u0131n\u0131 g\u00f6sterecektir.<\/p>\n<p>&nbsp;<\/p>\n<p>Prezisyonlu izleme ve g\u00f6r\u00fcnt\u00fcleme ile i\u015flemi sonland\u0131r\u0131rken, nivelman i\u015flerinizi \u00f6nemli \u00f6l\u00e7\u00fcde kolayla\u015ft\u0131rm\u0131\u015f olacaks\u0131n\u0131z.<\/p>\n","protected":false},"featured_media":583,"comment_status":"open","ping_status":"closed","template":"","meta":[],"product_brand":[],"product_cat":[51],"product_tag":[],"class_list":{"0":"post-581","1":"product","2":"type-product","3":"status-publish","4":"has-post-thumbnail","6":"product_cat-dijital-nivo","8":"first","9":"instock","10":"shipping-taxable","11":"product-type-simple"},"_links":{"self":[{"href":"https:\/\/www.geotimharita.com.tr\/index.php\/wp-json\/wp\/v2\/product\/581","targetHints":{"allow":["GET"]}}],"collection":[{"href":"https:\/\/www.geotimharita.com.tr\/index.php\/wp-json\/wp\/v2\/product"}],"about":[{"href":"https:\/\/www.geotimharita.com.tr\/index.php\/wp-json\/wp\/v2\/types\/product"}],"replies":[{"embeddable":true,"href":"https:\/\/www.geotimharita.com.tr\/index.php\/wp-json\/wp\/v2\/comments?post=581"}],"wp:featuredmedia":[{"embeddable":true,"href":"https:\/\/www.geotimharita.com.tr\/index.php\/wp-json\/wp\/v2\/media\/583"}],"wp:attachment":[{"href":"https:\/\/www.geotimharita.com.tr\/index.php\/wp-json\/wp\/v2\/media?parent=581"}],"wp:term":[{"taxonomy":"product_brand","embeddable":true,"href":"https:\/\/www.geotimharita.com.tr\/index.php\/wp-json\/wp\/v2\/product_brand?post=581"},{"taxonomy":"product_cat","embeddable":true,"href":"https:\/\/www.geotimharita.com.tr\/index.php\/wp-json\/wp\/v2\/product_cat?post=581"},{"taxonomy":"product_tag","embeddable":true,"href":"https:\/\/www.geotimharita.com.tr\/index.php\/wp-json\/wp\/v2\/product_tag?post=581"}],"curies":[{"name":"wp","href":"https:\/\/api.w.org\/{rel}","templated":true}]}}