{"id":598,"date":"2023-12-04T20:19:04","date_gmt":"2023-12-04T17:19:04","guid":{"rendered":"https:\/\/www.geotimharita.com.tr\/?post_type=product&#038;p=598"},"modified":"2023-12-04T21:49:04","modified_gmt":"2023-12-04T18:49:04","slug":"leica-rugby-640g-640","status":"publish","type":"product","link":"https:\/\/www.geotimharita.com.tr\/index.php\/urun\/leica-rugby-640g-640\/","title":{"rendered":"Leica Rugby 640G\/640"},"content":{"rendered":"<div class=\"vc_custom_heading text_align_center\">\n<h3 class=\"consulting-custom-title\">Teknik \u00d6zellikler<\/h3>\n<\/div>\n<div class=\"vc_row wpb_row vc_inner vc_row-fluid\">\n<div class=\"wpb_column vc_column_container vc_col-sm-12\">\n<div class=\"vc_column-inner\">\n<div class=\"wpb_wrapper\">\n<div class=\"wpb_text_column wpb_content_element \">\n<div class=\"wpb_wrapper\">\n<table class=\"table\">\n<thead>\n<tr>\n<th scope=\"col\">#<\/th>\n<th scope=\"col\">Rugby 610<\/th>\n<th scope=\"col\">Rugby 620<\/th>\n<th scope=\"col\">Rugby 640<\/th>\n<th scope=\"col\">Rugby 640G<\/th>\n<th scope=\"col\">Rugby 670<\/th>\n<th scope=\"col\">Rugby 680<\/th>\n<\/tr>\n<\/thead>\n<tbody>\n<tr>\n<th scope=\"row\">Uygulamalar<\/th>\n<td>Tek tu\u015fla kendili\u011finden yatay tesviye<\/td>\n<td>Tek eksende otomatik olarak tesviye edilebilen yatayve manuel e\u011fim<\/td>\n<td>\u00c7ift eksenli otomatik olarak tesviye edilme yatay, dikey,90 \u00b0 ve manuel e\u011fim<\/td>\n<td>Kendili\u011finden yay\u0131lan, yatay, dikey, 90 \u00b0 ve \u00e7ifteksenli manuel e\u011fim<\/td>\n<td>Tek eksenli otomatik yatay kot arama<\/td>\n<td>\u00c7ift eksenli otomatik yatay kot arama<\/td>\n<\/tr>\n<tr>\n<th scope=\"row\">Lazer S\u0131n\u0131f\u0131<\/th>\n<td>1.S\u0131n\u0131f<\/td>\n<td>1.S\u0131n\u0131f<\/td>\n<td>1.S\u0131n\u0131f<\/td>\n<td>1.S\u0131n\u0131f<\/td>\n<td>1.S\u0131n\u0131f<\/td>\n<td>1.S\u0131n\u0131f<\/td>\n<\/tr>\n<tr>\n<th scope=\"row\">Lazer Tipi<\/th>\n<td>635 nm ( K\u0131rm\u0131z\u0131)<\/td>\n<td>635 nm ( K\u0131rm\u0131z\u0131)<\/td>\n<td>635 nm ( K\u0131rm\u0131z\u0131)<\/td>\n<td>520 nm (Ye\u015fil)<\/td>\n<td>635 nm ( K\u0131rm\u0131z\u0131)<\/td>\n<td>635 nm ( K\u0131rm\u0131z\u0131)<\/td>\n<\/tr>\n<tr>\n<th scope=\"row\">\u015eak\u00fcl<\/th>\n<td>\u2013<\/td>\n<td>\u2013<\/td>\n<td>Var<\/td>\n<td>Var<\/td>\n<td>\u2013<\/td>\n<td>\u2013<\/td>\n<\/tr>\n<tr>\n<th scope=\"row\">Do\u011fruluk<\/th>\n<td>30m\u2019de \u00b1 2.2mm<\/td>\n<td>30m\u2019de \u00b1 2.2mm<\/td>\n<td>30m\u2019de \u00b1 2.2mm<\/td>\n<td>30m\u2019de \u00b1 2.2mm<\/td>\n<td>30m\u2019de \u00b1 1.5mm<\/td>\n<td>30m\u2019de \u00b1 1.5mm<\/td>\n<\/tr>\n<tr>\n<th scope=\"row\">Kendi kendine tesviye alan\u0131<\/th>\n<td colspan=\"6\">\u00b1 5\u00b0<\/td>\n<\/tr>\n<tr>\n<th scope=\"row\">S\u0131n\u0131f aral\u0131\u011f\u0131<\/th>\n<td>\u2013<\/td>\n<td>\u2013<\/td>\n<td>\u2013<\/td>\n<td>\u2013<\/td>\n<td>\u00b1 8% SG<\/td>\n<td>\u00b1 8% SG<\/td>\n<\/tr>\n<tr>\n<th scope=\"row\">Rotasyon<\/th>\n<td>10 rps<\/td>\n<td>10 rps<\/td>\n<td>0, 2, 5, 10 rps<\/td>\n<td>0, 2, 5, 10 rps<\/td>\n<td>10 rps<\/td>\n<td>10 rps<\/td>\n<\/tr>\n<tr>\n<th scope=\"row\">Tarama<\/th>\n<td>\u2013<\/td>\n<td>\u2013<\/td>\n<td>10, 45, 90\u00b0<\/td>\n<td>10, 45, 90\u00b0<\/td>\n<td>\u2013<\/td>\n<td>\u2013<\/td>\n<\/tr>\n<tr>\n<th scope=\"row\">Tarama 90<\/th>\n<td>\u2013<\/td>\n<td>\u2013<\/td>\n<td>Var<\/td>\n<td>Var<\/td>\n<td>\u2013<\/td>\n<td>\u2013<\/td>\n<\/tr>\n<tr>\n<th scope=\"row\">A\u015fa\u011f\u0131 \u015eak\u00fcl<\/th>\n<td>\u2013<\/td>\n<td>\u2013<\/td>\n<td>Var<\/td>\n<td>Var<\/td>\n<td>\u2013<\/td>\n<td>\u2013<\/td>\n<\/tr>\n<tr>\n<th scope=\"row\">Uyku modu<\/th>\n<td>\u2013<\/td>\n<td>\u2013<\/td>\n<td>Var<\/td>\n<td>Var<\/td>\n<td>\u2013<\/td>\n<td>\u2013<\/td>\n<\/tr>\n<tr>\n<th scope=\"row\">Max. Mesafe \u2013 RE Basic<\/th>\n<td>500 m (1,650 ft)<\/td>\n<td>800 m (2,600 ft)<\/td>\n<td>400 m (1,300 ft)<\/td>\n<td>\u2013<\/td>\n<td>600 m (2,000 ft)<\/td>\n<td>600 m (2,000 ft)<\/td>\n<\/tr>\n<tr>\n<th scope=\"row\">Max. Mesafe \u2013 RE120\/120G<\/th>\n<td>800 m (2,600 ft)<\/td>\n<td>800 m (2,600 ft)<\/td>\n<td>500 m (1,650 ft)<\/td>\n<td>400 m (1,300 ft)<\/td>\n<td>900 m (2,950 ft)<\/td>\n<td>900 m (2,950 ft)<\/td>\n<\/tr>\n<tr>\n<th scope=\"row\">Max. Mesafe \u2013 RE140\/160<\/th>\n<td>1,100 m (3,600 ft)<\/td>\n<td>1,100 m (3,600 ft)<\/td>\n<td>600 m (2,000 ft)<\/td>\n<td>\u2013<\/td>\n<td>1,100 m (3,600 ft)<\/td>\n<td>1,100 m (3,600 ft)<\/td>\n<\/tr>\n<tr>\n<th scope=\"row\">Max. Mesafe \u2013 RC400 Remote<\/th>\n<td>\u2013<\/td>\n<td>\u2013<\/td>\n<td>200 m (650 ft)<\/td>\n<td>200 m (650 ft)<\/td>\n<td>\u2013<\/td>\n<td>\u2013<\/td>\n<\/tr>\n<tr>\n<th scope=\"row\">\u00c7al\u0131\u015fma s\u00fcresi (Li-Ion pil)<\/th>\n<td colspan=\"6\">40 SAAT<\/td>\n<\/tr>\n<tr>\n<th scope=\"row\">\u00c7al\u0131\u015fma s\u00fcresi (Alkalin pil)<\/th>\n<td colspan=\"6\">60 SAAT<\/td>\n<\/tr>\n<tr>\n<th scope=\"row\">\u00c7al\u0131\u015fma S\u0131cakl\u0131\u011f\u0131<\/th>\n<td>\u201310 to +50 \u00b0C<br \/>\n(14 to +122 \u00b0F)<\/td>\n<td>\u201320 to +50 \u00b0C<br \/>\n(\u20134 to +122 \u00b0F)<\/td>\n<td>\u201320 to +50 \u00b0C<br \/>\n(\u20134 to +122 \u00b0F)<\/td>\n<td>\u201320 to +50 \u00b0C<br \/>\n(\u20134 to +122 \u00b0F)<\/td>\n<td>\u201320 to +50 \u00b0C<br \/>\n(\u20134 to +122 \u00b0F)<\/td>\n<td>\u201320 to +50 \u00b0C<br \/>\n(\u20134 to +122 \u00b0F)<\/td>\n<\/tr>\n<tr>\n<th scope=\"row\">Koruma ( batarya hari\u00e7 )<\/th>\n<td colspan=\"6\">IP67<\/td>\n<\/tr>\n<tr>\n<th scope=\"row\">Garanti<\/th>\n<td colspan=\"6\">3 y\u0131l \u00fccretsizdir (ayr\u0131nt\u0131lar i\u00e7in Leica Geosystems taraf\u0131ndan Genel H\u00fck\u00fcm ve Ko\u015fullara G\u00f6re Kitapc\u0131\u011fa bak\u0131n\u0131z)<\/td>\n<\/tr>\n<\/tbody>\n<\/table>\n<\/div>\n<\/div>\n<\/div>\n<\/div>\n<\/div>\n<\/div>\n","protected":false},"excerpt":{"rendered":"<div class=\"vc_row wpb_row vc_row-fluid vc_custom_1598612898071\">\n<div class=\"wpb_column vc_column_container vc_col-sm-12\">\n<div class=\"vc_column-inner \">\n<div class=\"wpb_wrapper\">\n<div class=\"vc_row wpb_row vc_inner vc_row-fluid\">\n<div class=\"wpb_column vc_column_container vc_col-sm-6\">\n<div class=\"vc_column-inner\">\n<div class=\"wpb_wrapper\">\n<div class=\"wpb_text_column wpb_content_element \">\n<div class=\"wpb_wrapper\">\n<p><img fetchpriority=\"high\" decoding=\"async\" class=\"alignnone wp-image-1781 size-full\" src=\"https:\/\/leicatotalstation.com\/wp-content\/uploads\/Leica_Rugby_640_pic_2360x714.jpg\" sizes=\"(max-width: 2360px) 100vw, 2360px\" srcset=\"https:\/\/leicatotalstation.com\/wp-content\/uploads\/Leica_Rugby_640_pic_2360x714.jpg 2360w, https:\/\/leicatotalstation.com\/wp-content\/uploads\/Leica_Rugby_640_pic_2360x714-300x91.jpg 300w, https:\/\/leicatotalstation.com\/wp-content\/uploads\/Leica_Rugby_640_pic_2360x714-1024x310.jpg 1024w, https:\/\/leicatotalstation.com\/wp-content\/uploads\/Leica_Rugby_640_pic_2360x714-768x232.jpg 768w, https:\/\/leicatotalstation.com\/wp-content\/uploads\/Leica_Rugby_640_pic_2360x714-1536x465.jpg 1536w, https:\/\/leicatotalstation.com\/wp-content\/uploads\/Leica_Rugby_640_pic_2360x714-2048x620.jpg 2048w\" alt=\"\" width=\"2360\" height=\"714\" \/><\/p>\n<\/div>\n<\/div>\n<\/div>\n<\/div>\n<\/div>\n<div class=\"wpb_column vc_column_container vc_col-sm-6\">\n<div class=\"vc_column-inner\">\n<div class=\"wpb_wrapper\">\n<div class=\"wpb_text_column wpb_content_element \">\n<div class=\"wpb_wrapper\">\n<p><strong>Leica Rugby 640G\/640<\/strong><\/p>\n<p><strong>\u0130\u00e7 ve d\u0131\u015f mekanda \u00e7ok y\u00f6nl\u00fcl\u00fck<\/strong><\/p>\n<p>\u25a0Rugby 640G\u2019de yeni ye\u015fil diyot teknolojisi, kapal\u0131 uygulamalar i\u00e7in ola\u011fan\u00fcst\u00fc g\u00f6r\u00fcn\u00fcrl\u00fc<\/p>\n<p><img decoding=\"async\" class=\"alignright wp-image-7319\" src=\"https:\/\/www.optetmakina.com\/wp-content\/uploads\/2020\/08\/3.jpg\" sizes=\"(max-width: 285px) 100vw, 285px\" srcset=\"https:\/\/www.optetmakina.com\/wp-content\/uploads\/2020\/08\/3.jpg 278w, https:\/\/www.optetmakina.com\/wp-content\/uploads\/2020\/08\/3-199x300.jpg 199w\" alt=\"\" width=\"285\" height=\"431\" \/>k sa\u011flar<br \/>\n\u25a0 \u0130\u00e7 ve d\u0131\u015f tesviye, hizalama ve kare uygulamalar\u0131 i\u00e7indir<br \/>\n\u25a0 Rod Eye al\u0131c\u0131lar\u0131 ile dijital okuma sayesinde uzak mesafelerde rahat\u00e7a \u00e7al\u0131\u015f\u0131n<br \/>\n\u25a0Tarama 90 \u2013 kiri\u015fi 90 derece sola veya sa\u011fa do\u011fru h\u0131zl\u0131 bir \u015fekilde hareket ettirerek d\u00fczeni kolayla\u015ft\u0131r\u0131n Lazer \u015eak\u00fcl \u2013 a\u015fa\u011f\u0131 y\u00f6nde bir referans noktas\u0131na hizalama i\u00e7in otomatik ve hassas<\/p>\n<\/div>\n<\/div>\n<\/div>\n<\/div>\n<p><strong>Leica Rugby\u00a0<\/strong><\/p>\n<\/div>\n<\/div>\n<div class=\"vc_row wpb_row vc_inner vc_row-fluid vc_custom_1598612830891\">\n<div class=\"wpb_column vc_column_container vc_col-sm-6\">\n<div class=\"vc_column-inner\">\n<div class=\"wpb_wrapper\">\n<div class=\"wpb_text_column wpb_content_element \">\n<div class=\"wpb_wrapper\">\n<p><strong>620<\/strong><\/p>\n<p><strong>Basit ve G\u00fcvenilir<\/strong><br \/>\n<strong>Hata Yapmaz<\/strong><\/p>\n<p>\u25a0 Beton olu\u015fturma, ped yerle\u015ftirme ve \u00e7er\u00e7eve tesviyesi; Temelleri ve temelleri belirleme hi\u00e7 bu kadar verimli olmam\u0131\u015ft\u0131<br \/>\n\u25a0 Tek eksenli% 8\u2019e kadar manuel e\u011fimler<\/p>\n<p>\u25a0 Uyku Modu \u2013 bataryadan tasarruf<br \/>\nedin ve ayar\u0131n\u0131z\u0131 bozmadan Leica<br \/>\nRugby\u2019yi uyku moduna ge\u00e7irin<\/p>\n<\/div>\n<\/div>\n<\/div>\n<\/div>\n<\/div>\n<div class=\"wpb_column vc_column_container vc_col-sm-6\">\n<div class=\"vc_column-inner\">\n<div class=\"wpb_wrapper\">\n<div class=\"wpb_text_column wpb_content_element \">\n<div class=\"wpb_wrapper\">\n<p><img decoding=\"async\" class=\"alignright wp-image-7321 size-full\" src=\"https:\/\/www.optetmakina.com\/wp-content\/uploads\/2020\/08\/5.png\" sizes=\"(max-width: 278px) 100vw, 278px\" srcset=\"https:\/\/www.optetmakina.com\/wp-content\/uploads\/2020\/08\/5.png 278w, https:\/\/www.optetmakina.com\/wp-content\/uploads\/2020\/08\/5-199x300.png 199w\" alt=\"\" width=\"278\" height=\"420\" \/><strong>Leica Rugby 670\/680<\/strong><\/p>\n<p><strong>E\u011filimler Kolayla\u015ft\u0131<\/strong><\/p>\n<p>\u25a0Say\u0131sal dereceli, m\u00fckemmel genel<br \/>\nbir arazi lazeri<br \/>\n\u25a0 Bir d\u00fc\u011fmeye basarak kolay ve<br \/>\nh\u0131zl\u0131, tek veya \u00e7ift eksenli d\u00f6n\u00fc\u015f<br \/>\n\u25a0 Benzersiz Ak\u0131ll\u0131 E\u011fim fonksiyonu,<br \/>\ng\u00fcn\u00fcn ilerleyen saatlerinde do\u011fru<br \/>\nperformans\u0131 sa\u011flamak i\u00e7in zaman<br \/>\nve s\u0131cakl\u0131k de\u011fi\u015fikliklerini s\u00fcrekli<br \/>\nolarak izler<\/p>\n<\/div>\n<\/div>\n<\/div>\n<\/div>\n<\/div>\n<\/div>\n<\/div>\n<\/div>\n<\/div>\n<\/div>\n<div class=\"vc_row wpb_row vc_row-fluid\">\n<div class=\"wpb_column vc_column_container vc_col-sm-12\">\n<div class=\"vc_column-inner \">\n<div class=\"wpb_wrapper\"><\/div>\n<\/div>\n<\/div>\n<\/div>\n<h4><\/h4>\n<h4 class=\"consulting-custom-title\">Leica Rugby 640G \/ 640 Rotasyon Lazer<\/h4>\n<p>Leica Rugby 600 serisi rotasyon lazerler, t\u00fcm in\u015faat uygulamalar\u0131nda herhangi bir g\u00f6revi ba\u015farmak i\u00e7in tasarlanm\u0131\u015ft\u0131r. Hizalamak ve her zamankinden daha h\u0131zl\u0131 kare yapmak, telafisi olmayan hatalar\u0131 ve kesintileri ortadan kald\u0131rarak. Bu lazerler dayan\u0131kl\u0131\u011f\u0131 ve IP67 korumas\u0131 ile zor in\u015faat alanlar\u0131nda h\u0131zl\u0131 kurularak herhangi bir i\u015f i\u00e7in en dayan\u0131kl\u0131 ve en g\u00fcvenilir se\u00e7enek haline getirilmi\u015ftir.<\/p>\n<p>Temelleri ve temelleri belirlemek hi\u00e7 bu kadar h\u0131zl\u0131 olmam\u0131\u015ft\u0131.<br \/>\nRugby 600 serisi herhangi bir i\u00e7 ve d\u0131\u015f tesviye, hizalama ve kare uygulama<br \/>\n\u2013 beton \u015fekillendirme, ped yerle\u015ftirme ve \u00e7er\u00e7eve tesviyesi i\u00e7in uygundur.<br \/>\nRugby 640G, i\u00e7 ve d\u0131\u015f mekan i\u00e7in ola\u011fan\u00fcst\u00fc g\u00f6r\u00fcn\u00fcrl\u00fck sa\u011flar<br \/>\nYeni ye\u015fil \u0131\u015f\u0131n lazeri teknolojisine sahip uygulamalar<br \/>\nRugby 670 ve 680, zaman ve s\u0131cakl\u0131\u011f\u0131 s\u00fcrekli olarak izlemektedir<br \/>\nBenzersiz Ak\u0131ll\u0131 E\u011fim fonksiyonuyla<br \/>\nG\u00fcn i\u00e7erisinde do\u011fru performans\u0131 sa\u011flamak i\u00e7in de\u011fi\u015fiklikler yapar.<br \/>\nLazer \u0131\u015f\u0131n\u0131 herhangi bir ko\u015fulda ve herhangi bir mesafeyle<br \/>\nLeica Rod Eye al\u0131c\u0131 aral\u0131\u011f\u0131 \u2013 Rod Eye Basic ile kolay \u0131\u015f\u0131n alg\u0131lamadan, Rod Eye<br \/>\nile uygun ofset okumalar\u0131na kadar<br \/>\n120G \/ 160 ve Rod Eye 140\/160 ile uzun mesafelerde \u00e7al\u0131\u015fma<br \/>\nE\u011fimi ve kilitleme uygulamalar\u0131n\u0131 zahmetsiz \u015fekilde ger\u00e7ekle\u015ftirin,<br \/>\ntaramay\u0131 \u00e7al\u0131\u015ft\u0131r\u0131n<br \/>\nArtan uygulama ve uygulama esnekli\u011fi ile Leica RC 400 uzaktan kumanday\u0131<br \/>\nkullanarak, gerekti\u011finde pil g\u00fcc\u00fcnden tasarruf edin ve d\u00f6nme h\u0131z\u0131n\u0131<br \/>\nde\u011fi\u015ftirin (Rugby 640 \/ 640G)<\/p>\n<p>&nbsp;<\/p>\n","protected":false},"featured_media":599,"comment_status":"open","ping_status":"closed","template":"","meta":[],"product_brand":[],"product_cat":[68],"product_tag":[],"class_list":{"0":"post-598","1":"product","2":"type-product","3":"status-publish","4":"has-post-thumbnail","6":"product_cat-leica-rotasyon-lazer","8":"first","9":"instock","10":"shipping-taxable","11":"product-type-simple"},"_links":{"self":[{"href":"https:\/\/www.geotimharita.com.tr\/index.php\/wp-json\/wp\/v2\/product\/598","targetHints":{"allow":["GET"]}}],"collection":[{"href":"https:\/\/www.geotimharita.com.tr\/index.php\/wp-json\/wp\/v2\/product"}],"about":[{"href":"https:\/\/www.geotimharita.com.tr\/index.php\/wp-json\/wp\/v2\/types\/product"}],"replies":[{"embeddable":true,"href":"https:\/\/www.geotimharita.com.tr\/index.php\/wp-json\/wp\/v2\/comments?post=598"}],"wp:featuredmedia":[{"embeddable":true,"href":"https:\/\/www.geotimharita.com.tr\/index.php\/wp-json\/wp\/v2\/media\/599"}],"wp:attachment":[{"href":"https:\/\/www.geotimharita.com.tr\/index.php\/wp-json\/wp\/v2\/media?parent=598"}],"wp:term":[{"taxonomy":"product_brand","embeddable":true,"href":"https:\/\/www.geotimharita.com.tr\/index.php\/wp-json\/wp\/v2\/product_brand?post=598"},{"taxonomy":"product_cat","embeddable":true,"href":"https:\/\/www.geotimharita.com.tr\/index.php\/wp-json\/wp\/v2\/product_cat?post=598"},{"taxonomy":"product_tag","embeddable":true,"href":"https:\/\/www.geotimharita.com.tr\/index.php\/wp-json\/wp\/v2\/product_tag?post=598"}],"curies":[{"name":"wp","href":"https:\/\/api.w.org\/{rel}","templated":true}]}}