{"id":602,"date":"2023-12-04T20:20:38","date_gmt":"2023-12-04T17:20:38","guid":{"rendered":"https:\/\/www.geotimharita.com.tr\/?post_type=product&#038;p=602"},"modified":"2023-12-04T21:49:12","modified_gmt":"2023-12-04T18:49:12","slug":"leica-rugby-cla","status":"publish","type":"product","link":"https:\/\/www.geotimharita.com.tr\/index.php\/urun\/leica-rugby-cla\/","title":{"rendered":"Leica Rugby CLA"},"content":{"rendered":"","protected":false},"excerpt":{"rendered":"<div class=\"wpb_column vc_column_container vc_col-sm-6\">\n<div class=\"vc_column-inner\">\n<div class=\"wpb_wrapper\">\n<div class=\"wpb_text_column wpb_content_element \">\n<div class=\"wpb_wrapper\">\n<p><img fetchpriority=\"high\" decoding=\"async\" class=\"alignnone wp-image-1762 size-full\" src=\"https:\/\/leicatotalstation.com\/wp-content\/uploads\/Leica-Tripods-2480x750-1.jpg\" sizes=\"(max-width: 2480px) 100vw, 2480px\" srcset=\"https:\/\/leicatotalstation.com\/wp-content\/uploads\/Leica-Tripods-2480x750-1.jpg 2480w, https:\/\/leicatotalstation.com\/wp-content\/uploads\/Leica-Tripods-2480x750-1-300x91.jpg 300w, https:\/\/leicatotalstation.com\/wp-content\/uploads\/Leica-Tripods-2480x750-1-1024x310.jpg 1024w, https:\/\/leicatotalstation.com\/wp-content\/uploads\/Leica-Tripods-2480x750-1-768x232.jpg 768w, https:\/\/leicatotalstation.com\/wp-content\/uploads\/Leica-Tripods-2480x750-1-1536x465.jpg 1536w, https:\/\/leicatotalstation.com\/wp-content\/uploads\/Leica-Tripods-2480x750-1-2048x619.jpg 2048w\" alt=\"\" width=\"2480\" height=\"750\" \/><\/p>\n<\/div>\n<\/div>\n<\/div>\n<\/div>\n<\/div>\n<div class=\"wpb_column vc_column_container vc_col-sm-6\">\n<div class=\"vc_column-inner vc_custom_1598615312270\">\n<div class=\"wpb_wrapper\">\n<div class=\"vc_custom_heading remove_padding vc_custom_1598615292237 text_align_left\">\n<h4 class=\"consulting-custom-title\">Leica Rugby CLA \/ CLH \/ CLI<\/h4>\n<\/div>\n<div class=\"wpb_text_column wpb_content_element \">\n<div class=\"wpb_wrapper\">\n<p><strong>\u0130lk Y\u00fckseltilebilir Lazerler<\/strong><\/p>\n<p>Diledi\u011finiz \u015fekilde ve i\u015fin ihtiya\u00e7lar\u0131na h\u0131zl\u0131 bir \u015fekilde uyum sa\u011flamak i\u00e7in b\u00fcy\u00fck \u00f6nem ta\u015f\u0131r. Leica Rugby CLA, CLH ve CLI ile lazerlerinizi uygulama gereksinimlerinize uyacak \u015fekilde y\u00fckseltebilirsiniz. Kullanmad\u0131\u011f\u0131n\u0131z ekstra \u00f6zellikleri a\u00e7t\u0131rmadan i\u015finizi yapman\u0131z i\u00e7in gereken i\u015flevsellik i\u00e7in \u00f6deme yapars\u0131n\u0131z. Diledi\u011finiz zaman profesyonel servislerde opsiyonel olarak cihaz\u0131n\u0131z\u0131n di\u011fer \u00f6zelliklerini i\u015finizin ihtiyac\u0131na g\u00f6re ola\u011fan\u00fcst\u00fc performans\u0131na ula\u015ft\u0131rabilirsiniz.<\/p>\n<h3>Arazide Her Uygulama \u0130\u00e7in Do\u011fru Se\u00e7im<\/h3>\n<p>Yaz\u0131l\u0131m y\u00fckseltmeleri yoluyla herhangi bir uygulama ihtiyac\u0131na uyum sa\u011flama \u00f6zelli\u011fine sahip Leica Rugby CLA, sahada \u00fcretkenli\u011fi ve performans\u0131 en \u00fcst d\u00fczeye \u00e7\u0131karan ilk y\u00fckseltilebilir lazerdir. Y\u00fckseltme se\u00e7enekleri, herhangi bir seviyelendirme, hizalama ve kare alma g\u00f6revinde benzersiz performans sa\u011flayarak onu \u00e7ok y\u00f6nl\u00fc hale getirir.<\/p>\n<p>Ana birim \u2013 Beton ve kal\u0131p tesviye, y\u00fckseklik kontrol\u00fc ve transferi ve arazi tesviye uygulamalar\u0131 i\u00e7in kullan\u0131m\u0131 kolay, tek d\u00fc\u011fmeli yatay lazer olarak kullan\u0131n.<\/p>\n<p><strong>Y\u00fckseltme se\u00e7enekleri<\/strong><br \/>\nCLX 250\u00a0\u2013 manuel e\u011fim fonksiyonu, e\u011fim yakalama ve e\u011fim kilidi ile, bu y\u00fckseltme rampalar ve ara\u00e7 yollar\u0131 gibi e\u011fim uygulamalar\u0131n\u0131 basit ve verimli bir g\u00f6rev yapar<br \/>\nCLX 500- dikey d\u00f6n\u00fc\u015f\u00fc sa\u011flar, i\u00e7 mekan ve di\u011fer hizalama uygulamalar\u0131<\/p>\n<p>CLX 600\u00a0\u2013\u00a0i\u00e7eri\u00a0arama se\u00e7ene\u011fi ile tek eksende + -15% tam otomatik kalite i\u015flevselli\u011fi ekleyerek, y\u00fckseltme tek e\u011fimli uygulamalarda en g\u00fcvenilir performans\u0131 sunar<br \/>\nCLX 700\u00a0\u2013 ikinci eksende + -15% tam otomatik kalite i\u015flevselli\u011fi ekleyerek i\u00e7eri arama se\u00e7ene\u011fi ile y\u00fckseltme, \u00e7ift e\u011fimli uygulamalarda en g\u00fcvenilir performans\u0131 sunar<br \/>\nCLX 800\u00a0\u2013 20 rps kafa h\u0131z\u0131 ve bir kombinasyonla \u00e7oklu lazer i\u015flemi ile bu y\u00fckseltme, makine y\u00f6nlendirme sistemiyle \u00e7al\u0131\u015f\u0131rken en iyi sonu\u00e7lar\u0131 verir<\/p>\n<div class=\"text-group info-content\">\n<p>Maksimum esneklik ve i\u015fin ihtiya\u00e7lar\u0131na h\u0131zla uyum sa\u011flama yetene\u011fi, projeleriniz i\u00e7in hayati \u00f6nem ta\u015f\u0131r.\u00a0Leica Rugby CLA-ctive ve CLH ile lazerlerinizi uygulama ihtiya\u00e7lar\u0131n\u0131z\u0131 kar\u015f\u0131layacak \u015fekilde y\u00fckseltebilirsiniz.\u00a0Kullanmad\u0131\u011f\u0131n\u0131z ekstra \u00f6zellikler i\u00e7in \u00f6deme yapmadan i\u015finizi yapmak i\u00e7in ihtiya\u00e7 duydu\u011funuz i\u015flevsellik i\u00e7in \u00f6deme yapars\u0131n\u0131z.\u00a0Onar\u0131m ve kalibrasyon gibi ek profesyonel hizmetlerle lazerinizin ola\u011fan\u00fcst\u00fc performans\u0131n\u0131 uzun y\u0131llar boyunca g\u00fcvence alt\u0131na alabilirsiniz.<\/p>\n<h3>Leica Rugby CLA-ctive ve CLH Uygulamalar\u0131<\/h3>\n<p><img decoding=\"async\" class=\"alignnone wp-image-1761 size-full\" src=\"https:\/\/leicatotalstation.com\/wp-content\/uploads\/indir-3.png\" sizes=\"(max-width: 1000px) 100vw, 1000px\" srcset=\"https:\/\/leicatotalstation.com\/wp-content\/uploads\/indir-3.png 1000w, https:\/\/leicatotalstation.com\/wp-content\/uploads\/indir-3-300x162.png 300w, https:\/\/leicatotalstation.com\/wp-content\/uploads\/indir-3-768x415.png 768w\" alt=\"\" width=\"1000\" height=\"540\" \/><\/p>\n<\/div>\n<div class=\"row equal-height\">\n<div class=\"col-lg-6 equal-height-inner\">\n<div class=\"inner-container\">\n<div class=\"caption baseFont\">\n<div class=\"text\">\n<h3>Leica Rugby CLA-aktif<\/h3>\n<h3>T\u00fcm uygulama ihtiya\u00e7lar\u0131n\u0131z\u0131 kar\u015f\u0131lar<\/h3>\n<p>Yaz\u0131l\u0131m y\u00fckseltmeleri ve yerle\u015fik \u00e7al\u0131\u015ft\u0131rma yoluyla her t\u00fcrl\u00fc uygulama ihtiyac\u0131na uyum sa\u011flama benzersiz yetene\u011fi ile Leica Rugby CLA-ctive, yerinde \u00fcretkenli\u011fi ve performans\u0131 en \u00fcst d\u00fczeye \u00e7\u0131karan ilk y\u00fckseltilebilir lazerdir.\u00a0Y\u00fckseltme se\u00e7enekleri, herhangi bir tesviye, hizalama ve kare alma g\u00f6revlerinde e\u015fsiz performans sunarak onu ger\u00e7ek bir \u00e7ok y\u00f6nl\u00fc hale getirir.<\/p>\n<\/div>\n<\/div>\n<\/div>\n<\/div>\n<div class=\"col-lg-6 equal-height-inner\">\n<div class=\"inner-container no-border\">\n<div class=\"caption baseFont\">\n<div class=\"text\">\n<h3>Leica Rugby CLH<\/h3>\n<h3>En iyi \u015fekilde sadelik<\/h3>\n<p>Leica Rugby CLH sadeli\u011fi, lazer sisteminin yeteneklerinin zahmetsizce kullan\u0131lmas\u0131n\u0131 sa\u011flar.\u00a0S\u00fcre\u00e7leri basitle\u015ftirerek ve sizi \u00e7ok daha \u00fcretken hale getirerek zamandan tasarruf sa\u011flar.\u00a0Sa\u011flam tasar\u0131m\u0131, g\u00fcnl\u00fck g\u00f6revleriniz i\u00e7in \u00f6l\u00e7\u00fcm kararl\u0131l\u0131\u011f\u0131n\u0131 ve do\u011frulu\u011funu g\u00fcvence alt\u0131na al\u0131r.\u00a0Y\u00fckseltme se\u00e7enekleri, t\u00fcm seviyelendirme uygulamalar\u0131nda maksimum performansa izin verir.<\/p>\n<\/div>\n<\/div>\n<\/div>\n<\/div>\n<\/div>\n<div class=\"row equal-height\">\n<div class=\"col-lg-6 equal-height-inner\">\n<div class=\"inner-container no-border\">\n<div class=\"caption baseFont\">\n<div class=\"text\">\n<h3>KORUMA Leica Geosystems<\/h3>\n<h3>Ba\u015far\u0131n\u0131z\u0131 koruyoruz<\/h3>\n<p>\u00dcr\u00fcnlerimiz, en zorlu \u015fantiye ko\u015fullar\u0131nda bile y\u00fcksek d\u00fczeyde g\u00fcvenilirlik, do\u011fruluk ve sa\u011flaml\u0131k sa\u011flar.\u00a0M\u00fc\u015fterilerimizin \u00fcretkenli\u011fini ve ba\u015far\u0131s\u0131n\u0131 artt\u0131r\u0131rlar.\u00a0Protect by Leica Geosystems ile m\u00fc\u015fterilerin her zaman, her yerde bize g\u00fcvenebilecekleri s\u0131n\u0131f\u0131n\u0131n en iyisi bir hizmet sunuyoruz.<\/p>\n<\/div>\n<\/div>\n<\/div>\n<\/div>\n<\/div>\n<\/div>\n<\/div>\n<\/div>\n<\/div>\n<\/div>\n","protected":false},"featured_media":603,"comment_status":"open","ping_status":"closed","template":"","meta":[],"product_brand":[],"product_cat":[68],"product_tag":[],"class_list":{"0":"post-602","1":"product","2":"type-product","3":"status-publish","4":"has-post-thumbnail","6":"product_cat-leica-rotasyon-lazer","8":"first","9":"instock","10":"shipping-taxable","11":"product-type-simple"},"_links":{"self":[{"href":"https:\/\/www.geotimharita.com.tr\/index.php\/wp-json\/wp\/v2\/product\/602","targetHints":{"allow":["GET"]}}],"collection":[{"href":"https:\/\/www.geotimharita.com.tr\/index.php\/wp-json\/wp\/v2\/product"}],"about":[{"href":"https:\/\/www.geotimharita.com.tr\/index.php\/wp-json\/wp\/v2\/types\/product"}],"replies":[{"embeddable":true,"href":"https:\/\/www.geotimharita.com.tr\/index.php\/wp-json\/wp\/v2\/comments?post=602"}],"wp:featuredmedia":[{"embeddable":true,"href":"https:\/\/www.geotimharita.com.tr\/index.php\/wp-json\/wp\/v2\/media\/603"}],"wp:attachment":[{"href":"https:\/\/www.geotimharita.com.tr\/index.php\/wp-json\/wp\/v2\/media?parent=602"}],"wp:term":[{"taxonomy":"product_brand","embeddable":true,"href":"https:\/\/www.geotimharita.com.tr\/index.php\/wp-json\/wp\/v2\/product_brand?post=602"},{"taxonomy":"product_cat","embeddable":true,"href":"https:\/\/www.geotimharita.com.tr\/index.php\/wp-json\/wp\/v2\/product_cat?post=602"},{"taxonomy":"product_tag","embeddable":true,"href":"https:\/\/www.geotimharita.com.tr\/index.php\/wp-json\/wp\/v2\/product_tag?post=602"}],"curies":[{"name":"wp","href":"https:\/\/api.w.org\/{rel}","templated":true}]}}