{"id":605,"date":"2023-12-04T20:28:23","date_gmt":"2023-12-04T17:28:23","guid":{"rendered":"https:\/\/www.geotimharita.com.tr\/?post_type=product&#038;p=605"},"modified":"2023-12-04T20:28:30","modified_gmt":"2023-12-04T17:28:30","slug":"leica-s910","status":"publish","type":"product","link":"https:\/\/www.geotimharita.com.tr\/index.php\/urun\/leica-s910\/","title":{"rendered":"Leica S910"},"content":{"rendered":"","protected":false},"excerpt":{"rendered":"<p>\u00dcr\u00fcn \u00d6zellikleri<\/p>\n<p>Evrensel bir \u00f6l\u00e7\u00fcm arac\u0131. Usta DISTO\u2019muz.<br \/>\nDISTO S910, Leica Geosystems\u2019in en iyi LDM teknolojisine sahiptir. Bir konumdan birden fazla nokta aras\u0131ndaki mesafeyi \u00f6l\u00e7ebilir. Daha da fazla \u00f6l\u00e7\u00fcm se\u00e7ene\u011fi ve i\u015flevi i\u00e7in Ak\u0131ll\u0131 Tabana sahiptir. Verileri CAD\u2019e aktarabilir. Ayr\u0131ca WLAN, Bluetooth\u00ae ve USB ba\u011flant\u0131s\u0131na sahiptir. Basit\u00e7e s\u00f6ylemek gerekirse, S910 bizim Usta DISTO\u2019muzdur.<\/p>\n<p>Tek bir konumdan yerle\u015fik noktadan noktaya \u00f6l\u00e7\u00fcm.<br \/>\nS910\u2019u kulland\u0131\u011f\u0131n\u0131zda merdivene ihtiyac\u0131n\u0131z olmaz \u00e7\u00fcnk\u00fc S910\u2019da Noktadan Noktaya (P2P) \u00f6l\u00e7\u00fcm teknolojisi yerle\u015fik olarak bulunur. S910, y\u00fckseklik veya a\u00e7\u0131dan ba\u011f\u0131ms\u0131z olarak iki nokta aras\u0131ndaki mesafeyi hesaplar. \u00c7at\u0131lar gibi karma\u015f\u0131k d\u00fczlemleri \u00f6l\u00e7mek i\u00e7in birden fazla P2P \u00f6l\u00e7\u00fcm\u00fc de yapabilirsiniz.<\/p>\n<div class=\"embedded-entity\" data-embed-button=\"media_embed\" data-entity-embed-display=\"view_mode:media.full\" data-entity-type=\"media\" data-entity-uuid=\"190dcec7-6b8b-4112-b308-f84edc46a79a\" data-langcode=\"en\">\n<article class=\"media media--type-image media--view-mode-full\">\n<div class=\"field field--name-field-media-image field--type-image field--label-visually_hidden\"><img fetchpriority=\"high\" decoding=\"async\" src=\"https:\/\/shop.leica-geosystems.com\/sites\/default\/files\/2019-04\/leica_disto_s910_p2p_01a_rgb_final05.gif\" alt=\"Leica DISTO S910 P2P\" width=\"855\" height=\"480\" \/><\/div>\n<\/article>\n<\/div>\n","protected":false},"featured_media":608,"comment_status":"open","ping_status":"closed","template":"","meta":[],"product_brand":[],"product_cat":[53],"product_tag":[],"class_list":{"0":"post-605","1":"product","2":"type-product","3":"status-publish","4":"has-post-thumbnail","6":"product_cat-lazer-metre","8":"first","9":"instock","10":"shipping-taxable","11":"product-type-simple"},"_links":{"self":[{"href":"https:\/\/www.geotimharita.com.tr\/index.php\/wp-json\/wp\/v2\/product\/605","targetHints":{"allow":["GET"]}}],"collection":[{"href":"https:\/\/www.geotimharita.com.tr\/index.php\/wp-json\/wp\/v2\/product"}],"about":[{"href":"https:\/\/www.geotimharita.com.tr\/index.php\/wp-json\/wp\/v2\/types\/product"}],"replies":[{"embeddable":true,"href":"https:\/\/www.geotimharita.com.tr\/index.php\/wp-json\/wp\/v2\/comments?post=605"}],"wp:featuredmedia":[{"embeddable":true,"href":"https:\/\/www.geotimharita.com.tr\/index.php\/wp-json\/wp\/v2\/media\/608"}],"wp:attachment":[{"href":"https:\/\/www.geotimharita.com.tr\/index.php\/wp-json\/wp\/v2\/media?parent=605"}],"wp:term":[{"taxonomy":"product_brand","embeddable":true,"href":"https:\/\/www.geotimharita.com.tr\/index.php\/wp-json\/wp\/v2\/product_brand?post=605"},{"taxonomy":"product_cat","embeddable":true,"href":"https:\/\/www.geotimharita.com.tr\/index.php\/wp-json\/wp\/v2\/product_cat?post=605"},{"taxonomy":"product_tag","embeddable":true,"href":"https:\/\/www.geotimharita.com.tr\/index.php\/wp-json\/wp\/v2\/product_tag?post=605"}],"curies":[{"name":"wp","href":"https:\/\/api.w.org\/{rel}","templated":true}]}}