{"id":653,"date":"2023-12-04T21:02:31","date_gmt":"2023-12-04T18:02:31","guid":{"rendered":"https:\/\/www.geotimharita.com.tr\/?post_type=product&#038;p=653"},"modified":"2023-12-04T21:51:50","modified_gmt":"2023-12-04T18:51:50","slug":"leica-rgr-200","status":"publish","type":"product","link":"https:\/\/www.geotimharita.com.tr\/index.php\/urun\/leica-rgr-200\/","title":{"rendered":"Leica RGR 200"},"content":{"rendered":"<p><strong>Koruma S\u0131n\u0131f\u0131:<\/strong>\u00a0IP65<br \/>\n<strong>Menzil:<\/strong>\u00a080m Okuma Menzili<br \/>\n<strong>Uyumlu Modeller:<\/strong>\u00a0T\u00fcm Lino Serisi ile Uyumludur.<\/p>\n","protected":false},"excerpt":{"rendered":"<h3>Leica RGR 200<\/h3>\n<p>Leica markas\u0131n\u0131n \u00fcretmi\u015f oldu\u011fu kaliteli lazer dedekt\u00f6r\u00fc modellerinden biridir.<\/p>\n<p>Ye\u015fil ve k\u0131rm\u0131z\u0131 \u00e7izgi lazer dedekt\u00f6r\u00fc olarak kullan\u0131lmaktad\u0131r.<\/p>\n<p>\u00d6zellikleri bak\u0131m\u0131ndan IP65 korumaya sahiptir.<\/p>\n<p>Ayn\u0131 zamanda en \u00f6nemli \u00f6zelli\u011fi de 80 metre okuma menzili olmas\u0131d\u0131r.<\/p>\n<p>T\u00fcm Lino serisine uygun kullan\u0131m\u0131 bulunmas\u0131 ile rahat ve kolay kullan\u0131m imkan\u0131 sunmaktad\u0131r.<\/p>\n","protected":false},"featured_media":654,"comment_status":"open","ping_status":"closed","template":"","meta":[],"product_brand":[],"product_cat":[71,57],"product_tag":[],"class_list":{"0":"post-653","1":"product","2":"type-product","3":"status-publish","4":"has-post-thumbnail","6":"product_cat-leica-cizgi-lazer","7":"product_cat-leica-urunleri","9":"first","10":"instock","11":"shipping-taxable","12":"product-type-simple"},"_links":{"self":[{"href":"https:\/\/www.geotimharita.com.tr\/index.php\/wp-json\/wp\/v2\/product\/653","targetHints":{"allow":["GET"]}}],"collection":[{"href":"https:\/\/www.geotimharita.com.tr\/index.php\/wp-json\/wp\/v2\/product"}],"about":[{"href":"https:\/\/www.geotimharita.com.tr\/index.php\/wp-json\/wp\/v2\/types\/product"}],"replies":[{"embeddable":true,"href":"https:\/\/www.geotimharita.com.tr\/index.php\/wp-json\/wp\/v2\/comments?post=653"}],"wp:featuredmedia":[{"embeddable":true,"href":"https:\/\/www.geotimharita.com.tr\/index.php\/wp-json\/wp\/v2\/media\/654"}],"wp:attachment":[{"href":"https:\/\/www.geotimharita.com.tr\/index.php\/wp-json\/wp\/v2\/media?parent=653"}],"wp:term":[{"taxonomy":"product_brand","embeddable":true,"href":"https:\/\/www.geotimharita.com.tr\/index.php\/wp-json\/wp\/v2\/product_brand?post=653"},{"taxonomy":"product_cat","embeddable":true,"href":"https:\/\/www.geotimharita.com.tr\/index.php\/wp-json\/wp\/v2\/product_cat?post=653"},{"taxonomy":"product_tag","embeddable":true,"href":"https:\/\/www.geotimharita.com.tr\/index.php\/wp-json\/wp\/v2\/product_tag?post=653"}],"curies":[{"name":"wp","href":"https:\/\/api.w.org\/{rel}","templated":true}]}}