{"id":679,"date":"2023-12-04T21:12:11","date_gmt":"2023-12-04T18:12:11","guid":{"rendered":"https:\/\/www.geotimharita.com.tr\/?post_type=product&#038;p=679"},"modified":"2023-12-04T21:51:49","modified_gmt":"2023-12-04T18:51:49","slug":"leica-lino-l2p5g","status":"publish","type":"product","link":"https:\/\/www.geotimharita.com.tr\/index.php\/urun\/leica-lino-l2p5g\/","title":{"rendered":"Leica Lino L2P5G"},"content":{"rendered":"<p><a href=\"https:\/\/shop.leica-geosystems.com\/sites\/default\/files\/2019-05\/lino_l2p5-l2p5g_um_tr.pdf\" target=\"_blank\" rel=\"noopener\">Leica Lino L2P5G Teknik Veri Sayfas\u0131 (T\u00fcrk\u00e7e)<\/a><\/p>\n<table>\n<tbody>\n<tr>\n<td>Menzil*<\/td>\n<td>35 m \/ 115 ft<\/td>\n<\/tr>\n<tr>\n<td>Lazer al\u0131c\u0131l\u0131 menzil*<\/td>\n<td>80 m \/ 265 ft<\/td>\n<\/tr>\n<tr>\n<td>Tesviye do\u011frulu\u011fu<\/td>\n<td>\u00b1 0,2 mm\/m \/ \u00b1 0,0079 in\u00e7 @ 33 ft<\/td>\n<\/tr>\n<tr>\n<td>Kendinden tesviye aral\u0131\u011f\u0131<\/td>\n<td>\u00b1 4\u00b0<\/td>\n<\/tr>\n<tr>\n<td># lazer noktalar\u0131<\/td>\n<td>4<\/td>\n<\/tr>\n<tr>\n<td># lazer \u00e7izgileri<\/td>\n<td>2<\/td>\n<\/tr>\n<tr>\n<td>\u0131\u015f\u0131n y\u00f6n\u00fc<\/td>\n<td>dikey, yatay, yukar\u0131, a\u015fa\u011f\u0131, sa\u011f, sol<\/td>\n<\/tr>\n<tr>\n<td>Nokta do\u011frulu\u011fu<\/td>\n<td>\u00b1 0,2 mm\/m \/ \u00b1 0,0079 in\u00e7 @ 33 ft<\/td>\n<\/tr>\n<tr>\n<td>Yatay \u00e7izgi do\u011frulu\u011fu<\/td>\n<td>\u00b1 0,3 mm\/m \/ \u00b1 0,0118 in\u00e7 @ 33 ft<\/td>\n<\/tr>\n<tr>\n<td>Dikey \u00e7izgi do\u011frulu\u011fu<\/td>\n<td>\u00b1 0,3 mm\/m \/ \u00b1 0,0118 in\u00e7 @ 33 ft<\/td>\n<\/tr>\n<tr>\n<td>lazer tipi<\/td>\n<td>525 nm\/s\u0131n\u0131f 2<\/td>\n<\/tr>\n<tr>\n<td>Pil T\u00fcr\u00fc<\/td>\n<td>Li-Ion \u015farj edilebilir (veya AA 3 x 1.5V)<\/td>\n<\/tr>\n<tr>\n<td>Operasyon zaman\u0131**<\/td>\n<td>28 saate kadar (Li-iyon)<\/td>\n<\/tr>\n<tr>\n<td>Koruma s\u0131n\u0131f\u0131<\/td>\n<td>IP54<\/td>\n<\/tr>\n<tr>\n<td>Boyutlar<\/td>\n<td>110 x 60 x 100 mm \/ 4,33 x 2,36 x 3,94 in\u00e7<\/td>\n<\/tr>\n<tr>\n<td>Pillerle birlikte a\u011f\u0131rl\u0131k<\/td>\n<td>530 g \/ 1,17 libre<\/td>\n<\/tr>\n<tr>\n<td>tripod ipli\u011fi<\/td>\n<td>1\/4\u2033<\/td>\n<\/tr>\n<tr>\n<td>Teslimat kapsam\u0131<\/td>\n<td>Leica Lino L2P5G,<br \/>\nTWIST 360,<br \/>\nUAL 130,<br \/>\nLi-Ion pil tak\u0131m\u0131, \u015farj cihaz\u0131<br \/>\nAlkalin pil tepsisi,<br \/>\nhedef plakas\u0131,<br \/>\nsert \u00e7anta<\/td>\n<\/tr>\n<\/tbody>\n<\/table>\n<p>*ayd\u0131nlatma ko\u015fullar\u0131na ba\u011fl\u0131 olarak<\/p>\n<p>**lazer moduna ba\u011fl\u0131 olarak<\/p>\n","protected":false},"excerpt":{"rendered":"<h3>Leica Lino L2P5G<\/h3>\n<p>Leica Lino L2P5G, \u00e7ok i\u015flevli bir ye\u015fil \u00e7apraz \u00e7izgi ve nokta lazeridir.<\/p>\n<p>L2P5G\u2019nin ye\u015fil lazer \u0131\u015f\u0131nlar\u0131 ve noktalar\u0131, k\u0131rm\u0131z\u0131 olanlara k\u0131yasla insan g\u00f6z\u00fcyle d\u00f6rt kata kadar daha fazla g\u00f6r\u00fclebilir, bu da onu ayd\u0131nl\u0131k ortamlar ve geni\u015f odalar i\u00e7in ideal bir ara\u00e7 haline getirir.<\/p>\n<p>&nbsp;<\/p>\n<p><img fetchpriority=\"high\" decoding=\"async\" src=\"https:\/\/shop.leica-geosystems.com\/sites\/default\/files\/inline-images\/lino-l2p5g-li-on-technology.png\" alt=\"L2P5G\" width=\"855\" height=\"480\" data-entity-type=\"file\" data-entity-uuid=\"f31168f4-5764-4790-8818-f5ab90b169bf\" \/><\/p>\n<h3>LI-ION TEKNOLOJ\u0130S\u0130<\/h3>\n<p>Li-Ion piller\u00a0, bu \u00e7ok y\u00f6nl\u00fc lazer aletinin tek bir \u015farjla 28 saate kadar \u00e7al\u0131\u015fmas\u0131na izin verir.\u00a0Alternatif olarak,\u00a0\u00a0Alkalin pillerle\u00a0\u00a0veya\u00a0\u00a0\u015farj cihaz\u0131yla \u00e7al\u0131\u015ft\u0131r\u0131labilir\u00a0.<\/p>\n<p><img decoding=\"async\" src=\"https:\/\/shop.leica-geosystems.com\/sites\/default\/files\/inline-images\/lino-l2p5g-maximum-accuracy.png\" alt=\"maksimum do\u011fruluk\" width=\"855\" height=\"480\" data-entity-type=\"file\" data-entity-uuid=\"6a844132-3432-4152-a8d8-ee1bebecb66f\" \/><\/p>\n<h3>MAKS\u0130MUM DO\u011eRULUK<\/h3>\n<p>Leica Lino L2P5G, birbirine tam dik a\u00e7\u0131larda daha net ve keskin lazer \u00e7izgileri yans\u0131tan en son ye\u015fil lazer teknolojisini kullan\u0131r.\u00a0Bu, ayr\u0131nt\u0131l\u0131 i\u00e7 g\u00f6revlerde en y\u00fcksek do\u011frulu\u011fu sa\u011flar.<\/p>\n<p><img decoding=\"async\" src=\"https:\/\/shop.leica-geosystems.com\/sites\/default\/files\/inline-images\/lino-l2p5g-working-range1_0.png\" alt=\"\u00e7al\u0131\u015fma aral\u0131\u011f\u0131\" width=\"855\" height=\"480\" data-entity-type=\"file\" data-entity-uuid=\"db967ddf-f8bd-4963-b578-01abc4ecfea5\" \/><\/p>\n<h3>\u00c7ALI\u015eMA ARALI\u011eI<\/h3>\n<p>Bu \u00e7ok i\u015flevli aletin geni\u015f cam opti\u011fi, uzun mesafelerde m\u00fckemmel tesviye ve hizalama sa\u011flar.\u00a0\u00c7al\u0131\u015fma aral\u0131\u011f\u0131, ayd\u0131nlatma ko\u015fullar\u0131na ba\u011fl\u0131 olarak 35 metreye\u00a0kadard\u0131r\u00a0ve\u00a0Leica RGR 200\u00a0lazer al\u0131c\u0131s\u0131 kullan\u0131larak 80 metreye kadar kolayca geni\u015fletilebilir\u00a0\u00a0.<\/p>\n<p><img loading=\"lazy\" decoding=\"async\" src=\"https:\/\/shop.leica-geosystems.com\/sites\/default\/files\/inline-images\/lino-l2p5g-easy-positioning1.png\" alt=\"kolay konumland\u0131rma\" width=\"855\" height=\"480\" data-entity-type=\"file\" data-entity-uuid=\"416b4291-f9db-46bc-a90d-53ec93bc8a01\" \/><\/p>\n<h3>KOLAY KONUMLANDIRMA<\/h3>\n<p>Leica Lino L2P5G, \u00e7e\u015fitli y\u00fczeylere h\u0131zl\u0131 ve kolay bir \u015fekilde tak\u0131l\u0131r.\u00a0Manyetik adapt\u00f6r\u00fc U profillerine s\u0131\u011far ve\u00a0\u00a0UAL 130 adapt\u00f6r\u00fcn\u00fcn\u00a0\u00a0eklenmesiyle cihaz kenarlara, metal direklere ve \u00e7ubuklara kolayca tak\u0131l\u0131r.<\/p>\n<p><img loading=\"lazy\" decoding=\"async\" src=\"https:\/\/shop.leica-geosystems.com\/sites\/default\/files\/inline-images\/lino-l2p5g-self-levelling1.png\" alt=\"kendi kendine tesviye\" width=\"855\" height=\"480\" data-entity-type=\"file\" data-entity-uuid=\"c48edf82-6f29-4c43-8e22-45c7be3db4d8\" \/><\/p>\n<h3>KEND\u0130NDEN D\u00dcZEYLENME<\/h3>\n<p>Leica Lino L2P5G\u2019nin \u00e7apraz \u00e7izgi ve nokta lazerleri, bir kez yerle\u015ftirildikten sonra her zaman ayn\u0131 seviyededir.\u00a0E\u011fim, \u00b1 4\u00b0 limit dahilinde oldu\u011funda otomatik olarak ayarlan\u0131r.\u00a0Bu s\u0131n\u0131r\u0131n d\u0131\u015f\u0131nda bir uyar\u0131, konumland\u0131rman\u0131n ayarlanmas\u0131 gerekti\u011fini belirtir.<\/p>\n<p><img loading=\"lazy\" decoding=\"async\" src=\"https:\/\/shop.leica-geosystems.com\/sites\/default\/files\/inline-images\/lino-l2p5g-construction-site-proof.png\" alt=\"durum\" width=\"855\" height=\"480\" data-entity-type=\"file\" data-entity-uuid=\"9cf36184-3fb8-43b1-83f1-aaab130e0706\" \/><\/p>\n<p>&nbsp;<\/p>\n<h3>\u015eantiye Kan\u0131t\u0131<\/h3>\n<p>Leica Lino L2P5G sa\u011flam bir tasar\u0131ma sahiptir ve IP 54 standartlar\u0131na g\u00f6re toz ve sprey su korumal\u0131d\u0131r.\u00a0Bu, onu g\u00fcn\u00fcm\u00fcz\u00fcn \u015fantiyelerinde i\u015f ak\u0131\u015f\u0131n\u0131 h\u0131zland\u0131rmak ve \u00fcretkenli\u011fi art\u0131rmak i\u00e7in harika bir ara\u00e7 haline getiriyor.<\/p>\n","protected":false},"featured_media":680,"comment_status":"open","ping_status":"closed","template":"","meta":[],"product_brand":[],"product_cat":[71,57],"product_tag":[],"class_list":{"0":"post-679","1":"product","2":"type-product","3":"status-publish","4":"has-post-thumbnail","6":"product_cat-leica-cizgi-lazer","7":"product_cat-leica-urunleri","9":"first","10":"instock","11":"shipping-taxable","12":"product-type-simple"},"_links":{"self":[{"href":"https:\/\/www.geotimharita.com.tr\/index.php\/wp-json\/wp\/v2\/product\/679","targetHints":{"allow":["GET"]}}],"collection":[{"href":"https:\/\/www.geotimharita.com.tr\/index.php\/wp-json\/wp\/v2\/product"}],"about":[{"href":"https:\/\/www.geotimharita.com.tr\/index.php\/wp-json\/wp\/v2\/types\/product"}],"replies":[{"embeddable":true,"href":"https:\/\/www.geotimharita.com.tr\/index.php\/wp-json\/wp\/v2\/comments?post=679"}],"wp:featuredmedia":[{"embeddable":true,"href":"https:\/\/www.geotimharita.com.tr\/index.php\/wp-json\/wp\/v2\/media\/680"}],"wp:attachment":[{"href":"https:\/\/www.geotimharita.com.tr\/index.php\/wp-json\/wp\/v2\/media?parent=679"}],"wp:term":[{"taxonomy":"product_brand","embeddable":true,"href":"https:\/\/www.geotimharita.com.tr\/index.php\/wp-json\/wp\/v2\/product_brand?post=679"},{"taxonomy":"product_cat","embeddable":true,"href":"https:\/\/www.geotimharita.com.tr\/index.php\/wp-json\/wp\/v2\/product_cat?post=679"},{"taxonomy":"product_tag","embeddable":true,"href":"https:\/\/www.geotimharita.com.tr\/index.php\/wp-json\/wp\/v2\/product_tag?post=679"}],"curies":[{"name":"wp","href":"https:\/\/api.w.org\/{rel}","templated":true}]}}